{"id":691,"date":"2020-03-25T17:42:45","date_gmt":"2020-03-25T17:42:45","guid":{"rendered":"http:\/\/unaikaram.com\/?page_id=691"},"modified":"2023-02-24T11:38:22","modified_gmt":"2023-02-24T11:38:22","slug":"politicas-de-privacidad","status":"publish","type":"page","link":"https:\/\/unaikaram.com\/en\/politicas-de-privacidad\/","title":{"rendered":"Pol\u00edticas de Privacidad"},"content":{"rendered":"<div data-elementor-type=\"wp-page\" data-elementor-id=\"691\" class=\"elementor elementor-691\">\n\t\t\t\t\t\t\t\t\t<section class=\"elementor-section elementor-top-section elementor-element elementor-element-401818d elementor-section-content-middle elementor-section-boxed elementor-section-height-default elementor-section-height-default\" data-id=\"401818d\" data-element_type=\"section\">\n\t\t\t\t\t\t<div class=\"elementor-container elementor-column-gap-no\">\n\t\t\t\t\t<div class=\"elementor-column elementor-col-100 elementor-top-column elementor-element elementor-element-58ef5da4\" data-id=\"58ef5da4\" data-element_type=\"column\">\n\t\t\t<div class=\"elementor-widget-wrap elementor-element-populated\">\n\t\t\t\t\t\t\t\t<div class=\"elementor-element elementor-element-2416d8f0 elementor-shape-circle elementor-grid-0 e-grid-align-center elementor-widget elementor-widget-social-icons\" data-id=\"2416d8f0\" data-element_type=\"widget\" data-widget_type=\"social-icons.default\">\n\t\t\t\t<div class=\"elementor-widget-container\">\n\t\t\t\t\t<div class=\"elementor-social-icons-wrapper elementor-grid\">\n\t\t\t\t\t\t\t<span class=\"elementor-grid-item\">\n\t\t\t\t\t<a class=\"elementor-icon elementor-social-icon elementor-social-icon-file elementor-repeater-item-59a4b4a\" href=\"https:\/\/unaikaram.com\/en\/politicas-de-privacidad\/\" target=\"_blank\">\n\t\t\t\t\t\t<span class=\"elementor-screen-only\">File<\/span>\n\t\t\t\t\t\t<i class=\"far fa-file\"><\/i>\t\t\t\t\t<\/a>\n\t\t\t\t<\/span>\n\t\t\t\t\t<\/div>\n\t\t\t\t<\/div>\n\t\t\t\t<\/div>\n\t\t\t\t<div class=\"elementor-element elementor-element-50ae0550 elementor-widget elementor-widget-heading\" data-id=\"50ae0550\" data-element_type=\"widget\" data-widget_type=\"heading.default\">\n\t\t\t\t<div class=\"elementor-widget-container\">\n\t\t\t<h1 class=\"elementor-heading-title elementor-size-default\">- Pol\u00edticas de privacidad - <\/h1>\t\t<\/div>\n\t\t\t\t<\/div>\n\t\t\t\t\t<\/div>\n\t\t<\/div>\n\t\t\t\t\t\t\t<\/div>\n\t\t<\/section>\n\t\t\t\t<section class=\"elementor-section elementor-top-section elementor-element elementor-element-18ab66a1 elementor-section-content-middle elementor-section-boxed elementor-section-height-default elementor-section-height-default\" data-id=\"18ab66a1\" data-element_type=\"section\">\n\t\t\t\t\t\t<div class=\"elementor-container elementor-column-gap-no\">\n\t\t\t\t\t<div class=\"elementor-column elementor-col-100 elementor-top-column elementor-element elementor-element-256d6034\" data-id=\"256d6034\" data-element_type=\"column\">\n\t\t\t<div class=\"elementor-widget-wrap elementor-element-populated\">\n\t\t\t\t\t\t\t\t<div class=\"elementor-element elementor-element-2baa615e elementor-widget elementor-widget-heading\" data-id=\"2baa615e\" data-element_type=\"widget\" data-widget_type=\"heading.default\">\n\t\t\t\t<div class=\"elementor-widget-container\">\n\t\t\t<h4 class=\"elementor-heading-title elementor-size-default\">POL\u00cdTICA DE PROTECCI\u00d3N DE DATOS DE CAR\u00c1CTER PERSONAL<\/h4>\t\t<\/div>\n\t\t\t\t<\/div>\n\t\t\t\t\t<\/div>\n\t\t<\/div>\n\t\t\t\t\t\t\t<\/div>\n\t\t<\/section>\n\t\t\t\t<section class=\"elementor-section elementor-top-section elementor-element elementor-element-365b4bfd elementor-section-boxed elementor-section-height-default elementor-section-height-default\" data-id=\"365b4bfd\" data-element_type=\"section\">\n\t\t\t\t\t\t<div class=\"elementor-container elementor-column-gap-default\">\n\t\t\t\t\t<div class=\"elementor-column elementor-col-100 elementor-top-column elementor-element elementor-element-5d8260a0\" data-id=\"5d8260a0\" data-element_type=\"column\">\n\t\t\t<div class=\"elementor-widget-wrap elementor-element-populated\">\n\t\t\t\t\t\t\t\t<div class=\"elementor-element elementor-element-33a621bd elementor-widget elementor-widget-text-editor\" data-id=\"33a621bd\" data-element_type=\"widget\" data-widget_type=\"text-editor.default\">\n\t\t\t\t<div class=\"elementor-widget-container\">\n\t\t\t\t\t\t\t<p><span style=\"color: #999999;\">En cumplimiento de la Ley Org\u00e1nica 15\/1999, de 13 de diciembre, de Protecci\u00f3n de Datos de Car\u00e1cter Personal, que tiene como finalidad garantizar y proteger en lo que concierne al tratamiento de datos personales, las libertades p\u00fablicas y los derechos fundamentales de las personas f\u00edsicas, y especialmente su honor e intimidad personal y familiar, cuando el tratamiento se hace en territorio espa\u00f1ol y en el marco de las actividades de un establecimiento del responsable del tratamiento, Unai Karam, informa a todos los usuarios del portal acerca de la pol\u00edtica de protecci\u00f3n de datos de car\u00e1cter personal, para que los usuarios puedan, con total libertad, decidir si desean facilitar los datos que les puedan ser requeridos con motivo de la suscripci\u00f3n o registro en alguno\/s servicios que ofrece Unai Karam, a trav\u00e9s de su portal.<\/span><\/p><p><span style=\"color: #999999;\">No obstante ello, Unai Karam, se reserva el derecho a modificar estas condiciones con el fin de adaptarlas a las modificaciones legislativas o a las pr\u00e1cticas del sector, en cuyo caso informar\u00e1 con la debida antelaci\u00f3n mediante anuncio en esta p\u00e1gina.<\/span><\/p><p><span style=\"color: #999999;\">Los datos personales recogidos, que usted nos facilite al rellenar la Solicitud de Suscripci\u00f3n o Registro en cualquiera de nuestros servicios en los que sea necesario registrarse o suscribirse, ser\u00e1n objeto de tratamiento automatizado e incorporados a los ficheros de GESTI\u00d3N de Unai Karam, con el fin de poder mantener la relaci\u00f3n contractual, en su caso, establecida con Unai Karam, as\u00ed como la gesti\u00f3n, administraci\u00f3n, prestaci\u00f3n, ampliaci\u00f3n y mejora de nuestros servicios y darles tr\u00e1mite, enviarle informaci\u00f3n y publicidad sobre las ofertas, promociones y recomendaciones de Unai Karam, y para realizar estad\u00edsticas y an\u00e1lisis de las tendencias del mercado y encuestas, que el usuario no estar\u00e1 en ning\u00fan caso obligado a contestar.<\/span><\/p><p><span style=\"color: #999999;\">Salvo en los campos en que se indique lo contrario, las respuestas a las preguntas sobre sus datos son voluntarias, sin que la falta de contestaci\u00f3n a las mismas implique una merma de calidad, o imposibilidad de prestar el servicio salvo que se indique otra cosa.<\/span><\/p><p><span style=\"color: #999999;\">Asimismo le informamos que usted tiene la posibilidad de ejercer los derechos de acceso, rectificaci\u00f3n, cancelaci\u00f3n, y oposici\u00f3n de sus datos de car\u00e1cter personal, siendo el Responsable del Fichero;<\/span><\/p><p style=\"text-align: center;\"><span style=\"color: #999999;\">Unai Karam<\/span><\/p>\t\t\t\t\t\t<\/div>\n\t\t\t\t<\/div>\n\t\t\t\t\t<\/div>\n\t\t<\/div>\n\t\t\t\t\t\t\t<\/div>\n\t\t<\/section>\n\t\t\t\t<section class=\"elementor-section elementor-top-section elementor-element elementor-element-614ecb53 elementor-hidden-phone elementor-section-boxed elementor-section-height-default elementor-section-height-default\" data-id=\"614ecb53\" data-element_type=\"section\">\n\t\t\t\t\t\t<div class=\"elementor-container elementor-column-gap-default\">\n\t\t\t\t\t<div class=\"elementor-column elementor-col-100 elementor-top-column elementor-element elementor-element-34ba8a4a\" data-id=\"34ba8a4a\" data-element_type=\"column\">\n\t\t\t<div class=\"elementor-widget-wrap elementor-element-populated\">\n\t\t\t\t\t\t\t\t<div class=\"elementor-element elementor-element-53bc3b4e elementor-widget elementor-widget-spacer\" data-id=\"53bc3b4e\" data-element_type=\"widget\" data-widget_type=\"spacer.default\">\n\t\t\t\t<div class=\"elementor-widget-container\">\n\t\t\t\t\t<div class=\"elementor-spacer\">\n\t\t\t<div class=\"elementor-spacer-inner\"><\/div>\n\t\t<\/div>\n\t\t\t\t<\/div>\n\t\t\t\t<\/div>\n\t\t\t\t\t<\/div>\n\t\t<\/div>\n\t\t\t\t\t\t\t<\/div>\n\t\t<\/section>\n\t\t\t\t<section class=\"elementor-section elementor-top-section elementor-element elementor-element-c292ac8 elementor-section-boxed elementor-section-height-default elementor-section-height-default\" data-id=\"c292ac8\" data-element_type=\"section\">\n\t\t\t\t\t\t<div class=\"elementor-container elementor-column-gap-default\">\n\t\t\t\t\t<div class=\"elementor-column elementor-col-100 elementor-top-column elementor-element elementor-element-24de7bf\" data-id=\"24de7bf\" data-element_type=\"column\">\n\t\t\t<div class=\"elementor-widget-wrap elementor-element-populated\">\n\t\t\t\t\t\t\t\t<div class=\"elementor-element elementor-element-ef70256 elementor-widget elementor-widget-text-editor\" data-id=\"ef70256\" data-element_type=\"widget\" data-widget_type=\"text-editor.default\">\n\t\t\t\t<div class=\"elementor-widget-container\">\n\t\t\t\t\t\t\t<p style=\"text-align: center;\"><a href=\"http:\/\/unaikaram.com\/en\/politicas-de-privacidad\/\">Privacy Policy<\/a><\/p><p style=\"text-align: center;\"><a href=\"http:\/\/unaikaram.com\/en\/aviso-legal\/\">Legal Disclaimer<\/a><\/p>\t\t\t\t\t\t<\/div>\n\t\t\t\t<\/div>\n\t\t\t\t\t<\/div>\n\t\t<\/div>\n\t\t\t\t\t\t\t<\/div>\n\t\t<\/section>\n\t\t\t\t\t\t\t<\/div>","protected":false},"excerpt":{"rendered":"<p>File &#8211; Pol\u00edticas de privacidad &#8211; POL\u00cdTICA DE PROTECCI\u00d3N DE DATOS DE CAR\u00c1CTER PERSONAL En cumplimiento de la Ley Org\u00e1nica 15\/1999, de 13 de diciembre, de Protecci\u00f3n de Datos de Car\u00e1cter Personal, que tiene como finalidad garantizar y proteger en lo que concierne al tratamiento de datos personales, las libertades p\u00fablicas y los derechos fundamentales&hellip; <br \/> <a class=\"read-more\" href=\"https:\/\/unaikaram.com\/en\/politicas-de-privacidad\/\">Read more<\/a><\/p>","protected":false},"author":2,"featured_media":0,"parent":0,"menu_order":0,"comment_status":"closed","ping_status":"closed","template":"elementor_header_footer","meta":{"_monsterinsights_skip_tracking":false,"_monsterinsights_sitenote_active":false,"_monsterinsights_sitenote_note":"","_monsterinsights_sitenote_category":0,"footnotes":""},"class_list":["post-691","page","type-page","status-publish","hentry"],"yoast_head":"<!-- This site is optimized with the Yoast SEO plugin v24.3 - https:\/\/yoast.com\/wordpress\/plugins\/seo\/ -->\n<title>Pol\u00edticas de Privacidad -<\/title>\n<meta name=\"description\" content=\"Pol\u00edticas de privacidad de unaikaram.com\" \/>\n<meta name=\"robots\" content=\"index, nofollow, max-snippet:-1, max-image-preview:large, max-video-preview:-1\" \/>\n<link rel=\"canonical\" href=\"https:\/\/unaikaram.com\/en\/politicas-de-privacidad\/\" \/>\n<meta property=\"og:locale\" content=\"en_US\" \/>\n<meta property=\"og:type\" content=\"article\" \/>\n<meta property=\"og:title\" content=\"Pol\u00edticas de Privacidad -\" \/>\n<meta property=\"og:description\" content=\"Pol\u00edticas de privacidad de unaikaram.com\" \/>\n<meta property=\"og:url\" content=\"https:\/\/unaikaram.com\/en\/politicas-de-privacidad\/\" \/>\n<meta property=\"article:modified_time\" content=\"2023-02-24T11:38:22+00:00\" \/>\n<meta name=\"twitter:card\" content=\"summary_large_image\" \/>\n<meta name=\"twitter:label1\" content=\"Est. reading time\" \/>\n\t<meta name=\"twitter:data1\" content=\"2 minutes\" \/>\n<script type=\"application\/ld+json\" class=\"yoast-schema-graph\">{\"@context\":\"https:\/\/schema.org\",\"@graph\":[{\"@type\":\"WebPage\",\"@id\":\"https:\/\/unaikaram.com\/politicas-de-privacidad\/\",\"url\":\"https:\/\/unaikaram.com\/politicas-de-privacidad\/\",\"name\":\"Pol\u00edticas de Privacidad -\",\"isPartOf\":{\"@id\":\"https:\/\/unaikaram.com\/#website\"},\"datePublished\":\"2020-03-25T17:42:45+00:00\",\"dateModified\":\"2023-02-24T11:38:22+00:00\",\"description\":\"Pol\u00edticas de privacidad de unaikaram.com\",\"breadcrumb\":{\"@id\":\"https:\/\/unaikaram.com\/politicas-de-privacidad\/#breadcrumb\"},\"inLanguage\":\"en-US\",\"potentialAction\":[{\"@type\":\"ReadAction\",\"target\":[\"https:\/\/unaikaram.com\/politicas-de-privacidad\/\"]}]},{\"@type\":\"BreadcrumbList\",\"@id\":\"https:\/\/unaikaram.com\/politicas-de-privacidad\/#breadcrumb\",\"itemListElement\":[{\"@type\":\"ListItem\",\"position\":1,\"name\":\"Portada\",\"item\":\"https:\/\/unaikaram.com\/\"},{\"@type\":\"ListItem\",\"position\":2,\"name\":\"Pol\u00edticas de Privacidad\"}]},{\"@type\":\"WebSite\",\"@id\":\"https:\/\/unaikaram.com\/#website\",\"url\":\"https:\/\/unaikaram.com\/\",\"name\":\"\",\"description\":\"\",\"potentialAction\":[{\"@type\":\"SearchAction\",\"target\":{\"@type\":\"EntryPoint\",\"urlTemplate\":\"https:\/\/unaikaram.com\/?s={search_term_string}\"},\"query-input\":{\"@type\":\"PropertyValueSpecification\",\"valueRequired\":true,\"valueName\":\"search_term_string\"}}],\"inLanguage\":\"en-US\"}]}<\/script>\n<!-- \/ Yoast SEO plugin. -->","yoast_head_json":{"title":"Pol\u00edticas de Privacidad -","description":"Pol\u00edticas de privacidad de unaikaram.com","robots":{"index":"index","follow":"nofollow","max-snippet":"max-snippet:-1","max-image-preview":"max-image-preview:large","max-video-preview":"max-video-preview:-1"},"canonical":"https:\/\/unaikaram.com\/en\/politicas-de-privacidad\/","og_locale":"en_US","og_type":"article","og_title":"Pol\u00edticas de Privacidad -","og_description":"Pol\u00edticas de privacidad de unaikaram.com","og_url":"https:\/\/unaikaram.com\/en\/politicas-de-privacidad\/","article_modified_time":"2023-02-24T11:38:22+00:00","twitter_card":"summary_large_image","twitter_misc":{"Est. reading time":"2 minutes"},"schema":{"@context":"https:\/\/schema.org","@graph":[{"@type":"WebPage","@id":"https:\/\/unaikaram.com\/politicas-de-privacidad\/","url":"https:\/\/unaikaram.com\/politicas-de-privacidad\/","name":"Pol\u00edticas de Privacidad -","isPartOf":{"@id":"https:\/\/unaikaram.com\/#website"},"datePublished":"2020-03-25T17:42:45+00:00","dateModified":"2023-02-24T11:38:22+00:00","description":"Pol\u00edticas de privacidad de unaikaram.com","breadcrumb":{"@id":"https:\/\/unaikaram.com\/politicas-de-privacidad\/#breadcrumb"},"inLanguage":"en-US","potentialAction":[{"@type":"ReadAction","target":["https:\/\/unaikaram.com\/politicas-de-privacidad\/"]}]},{"@type":"BreadcrumbList","@id":"https:\/\/unaikaram.com\/politicas-de-privacidad\/#breadcrumb","itemListElement":[{"@type":"ListItem","position":1,"name":"Portada","item":"https:\/\/unaikaram.com\/"},{"@type":"ListItem","position":2,"name":"Pol\u00edticas de Privacidad"}]},{"@type":"WebSite","@id":"https:\/\/unaikaram.com\/#website","url":"https:\/\/unaikaram.com\/","name":"","description":"","potentialAction":[{"@type":"SearchAction","target":{"@type":"EntryPoint","urlTemplate":"https:\/\/unaikaram.com\/?s={search_term_string}"},"query-input":{"@type":"PropertyValueSpecification","valueRequired":true,"valueName":"search_term_string"}}],"inLanguage":"en-US"}]}},"_links":{"self":[{"href":"https:\/\/unaikaram.com\/en\/wp-json\/wp\/v2\/pages\/691","targetHints":{"allow":["GET"]}}],"collection":[{"href":"https:\/\/unaikaram.com\/en\/wp-json\/wp\/v2\/pages"}],"about":[{"href":"https:\/\/unaikaram.com\/en\/wp-json\/wp\/v2\/types\/page"}],"author":[{"embeddable":true,"href":"https:\/\/unaikaram.com\/en\/wp-json\/wp\/v2\/users\/2"}],"replies":[{"embeddable":true,"href":"https:\/\/unaikaram.com\/en\/wp-json\/wp\/v2\/comments?post=691"}],"version-history":[{"count":15,"href":"https:\/\/unaikaram.com\/en\/wp-json\/wp\/v2\/pages\/691\/revisions"}],"predecessor-version":[{"id":1547,"href":"https:\/\/unaikaram.com\/en\/wp-json\/wp\/v2\/pages\/691\/revisions\/1547"}],"wp:attachment":[{"href":"https:\/\/unaikaram.com\/en\/wp-json\/wp\/v2\/media?parent=691"}],"curies":[{"name":"wp","href":"https:\/\/api.w.org\/{rel}","templated":true}]}}