{"id":687,"date":"2020-03-25T17:41:30","date_gmt":"2020-03-25T17:41:30","guid":{"rendered":"http:\/\/unaikaram.com\/?page_id=687"},"modified":"2023-02-24T11:38:04","modified_gmt":"2023-02-24T11:38:04","slug":"politica-de-cookies","status":"publish","type":"page","link":"https:\/\/unaikaram.com\/en\/politica-de-cookies\/","title":{"rendered":"Pol\u00edtica de cookies"},"content":{"rendered":"<div data-elementor-type=\"wp-page\" data-elementor-id=\"687\" class=\"elementor elementor-687\">\n\t\t\t\t\t\t\t\t\t<section class=\"elementor-section elementor-top-section elementor-element elementor-element-17fb092e elementor-section-content-middle elementor-section-boxed elementor-section-height-default elementor-section-height-default\" data-id=\"17fb092e\" data-element_type=\"section\">\n\t\t\t\t\t\t<div class=\"elementor-container elementor-column-gap-no\">\n\t\t\t\t\t<div class=\"elementor-column elementor-col-100 elementor-top-column elementor-element elementor-element-7ce8ef83\" data-id=\"7ce8ef83\" data-element_type=\"column\">\n\t\t\t<div class=\"elementor-widget-wrap elementor-element-populated\">\n\t\t\t\t\t\t\t\t<div class=\"elementor-element elementor-element-6727cae9 elementor-shape-circle elementor-grid-0 e-grid-align-center elementor-widget elementor-widget-social-icons\" data-id=\"6727cae9\" data-element_type=\"widget\" data-widget_type=\"social-icons.default\">\n\t\t\t\t<div class=\"elementor-widget-container\">\n\t\t\t\t\t<div class=\"elementor-social-icons-wrapper elementor-grid\">\n\t\t\t\t\t\t\t<span class=\"elementor-grid-item\">\n\t\t\t\t\t<a class=\"elementor-icon elementor-social-icon elementor-social-icon-file elementor-repeater-item-59a4b4a\" target=\"_blank\">\n\t\t\t\t\t\t<span class=\"elementor-screen-only\">File<\/span>\n\t\t\t\t\t\t<i class=\"far fa-file\"><\/i>\t\t\t\t\t<\/a>\n\t\t\t\t<\/span>\n\t\t\t\t\t<\/div>\n\t\t\t\t<\/div>\n\t\t\t\t<\/div>\n\t\t\t\t<div class=\"elementor-element elementor-element-31b89cca elementor-widget elementor-widget-heading\" data-id=\"31b89cca\" data-element_type=\"widget\" data-widget_type=\"heading.default\">\n\t\t\t\t<div class=\"elementor-widget-container\">\n\t\t\t<h1 class=\"elementor-heading-title elementor-size-default\">- Politica de Cookies - <\/h1>\t\t<\/div>\n\t\t\t\t<\/div>\n\t\t\t\t\t<\/div>\n\t\t<\/div>\n\t\t\t\t\t\t\t<\/div>\n\t\t<\/section>\n\t\t\t\t<section class=\"elementor-section elementor-top-section elementor-element elementor-element-102a3fd3 elementor-section-content-middle elementor-section-boxed elementor-section-height-default elementor-section-height-default\" data-id=\"102a3fd3\" data-element_type=\"section\">\n\t\t\t\t\t\t<div class=\"elementor-container elementor-column-gap-no\">\n\t\t\t\t\t<div class=\"elementor-column elementor-col-100 elementor-top-column elementor-element elementor-element-5c36c39f\" data-id=\"5c36c39f\" data-element_type=\"column\">\n\t\t\t<div class=\"elementor-widget-wrap elementor-element-populated\">\n\t\t\t\t\t\t\t\t<div class=\"elementor-element elementor-element-1d8a0494 elementor-widget elementor-widget-heading\" data-id=\"1d8a0494\" data-element_type=\"widget\" data-widget_type=\"heading.default\">\n\t\t\t\t<div class=\"elementor-widget-container\">\n\t\t\t<h4 class=\"elementor-heading-title elementor-size-default\">\u00bfQU\u00c9 SON LAS COOKIES?<\/h4>\t\t<\/div>\n\t\t\t\t<\/div>\n\t\t\t\t\t<\/div>\n\t\t<\/div>\n\t\t\t\t\t\t\t<\/div>\n\t\t<\/section>\n\t\t\t\t<section class=\"elementor-section elementor-top-section elementor-element elementor-element-4215ecd3 elementor-section-boxed elementor-section-height-default elementor-section-height-default\" data-id=\"4215ecd3\" data-element_type=\"section\">\n\t\t\t\t\t\t<div class=\"elementor-container elementor-column-gap-default\">\n\t\t\t\t\t<div class=\"elementor-column elementor-col-100 elementor-top-column elementor-element elementor-element-36fe6345\" data-id=\"36fe6345\" data-element_type=\"column\">\n\t\t\t<div class=\"elementor-widget-wrap elementor-element-populated\">\n\t\t\t\t\t\t\t\t<div class=\"elementor-element elementor-element-1dcc13fe elementor-widget elementor-widget-text-editor\" data-id=\"1dcc13fe\" data-element_type=\"widget\" data-widget_type=\"text-editor.default\">\n\t\t\t\t<div class=\"elementor-widget-container\">\n\t\t\t\t\t\t\t<p><span style=\"color: #999999;\">Las cookies son ficheros que se descargan en tu ordenador cuando accedes a esta p\u00e1gina web y que van a hacer posible, entre otras cosas, el almacenamiento y recuperaci\u00f3n de informaci\u00f3n sobre tus h\u00e1bitos de navegaci\u00f3n o de tu equipo y que tengas una mejor experiencia de navegaci\u00f3n. Esta web utiliza cookies propias y de terceros.<\/span><\/p><p><span style=\"color: #999999;\">Seg\u00fan los t\u00e9rminos incluidos en el art\u00edculo 22.2 de la Ley 34\/2002 de Servicios de la Sociedad de la Informaci\u00f3n y Comercio Electr\u00f3nico, si contin\u00faas navegando, estar\u00e1s prestando tu consentimiento\u00a0para el empleo de los referidos mecanismos.<\/span><\/p><p><span style=\"color: #999999;\">Unai Karam \u00a0pone a disposici\u00f3n de los usuarios que quieran impedir la instalaci\u00f3n de las mencionadas cookies, enlaces a las instrucciones facilitadas al efecto por navegadores cuyo uso considera m\u00e1s extendido:<\/span><\/p><p><a href=\"http:\/\/support.google.com\/chrome\/bin\/answer.py?hl=es-419&amp;answer=95647\">Google Chrome<\/a>\u00a0\u2013\u00a0<a href=\"http:\/\/windows.microsoft.com\/es-xl\/internet-explorer\/delete-manage-cookies#ie=ie-10\">Internet Explorer<\/a>\u00a0\u2013\u00a0<a href=\"http:\/\/support.mozilla.org\/es\/kb\/habilitar-y-deshabilitar-cookies-que-los-sitios-we\">Mozilla Firefox<\/a>\u00a0\u2013\u00a0<a href=\"http:\/\/support.apple.com\/kb\/HT1677?viewlocale=es_ES%20%97%20http:\/\/support.apple.com\/kb\/ph5042\">Apple Safari<\/a><\/p><p><span style=\"color: #999999;\">El usuario, \u00fanica y exclusivamente, puede utilizar el material que aparezca en este sitio web para su uso personal y privado, quedando prohibido su uso con fines comerciales o para incurrir en actividades contrarias a la ley.<\/span><\/p><p><span style=\"color: #999999;\">Todos los contenidos del sitio web se encuentran debidamente protegidos por la normativa de propiedad intelectual e industrial, as\u00ed como inscritos en los registros p\u00fablicos correspondientes.<\/span><\/p><p><span style=\"color: #999999;\">Independientemente de la finalidad para la que fueran destinados, la reproducci\u00f3n total o parcial, uso, explotaci\u00f3n, distribuci\u00f3n y comercializaci\u00f3n, requiere en todo caso de la autorizaci\u00f3n escrita previa por parte de Unai Karam. Cualquier uso no autorizado previamente por parte del prestador ser\u00e1 considerado un incumplimiento grave de los derechos de propiedad intelectual o industrial del autor.<\/span><\/p><p><span style=\"color: #999999;\">Si por error he introducido alg\u00fan elemento en esta web que est\u00e9 sujeto a derechos de autor, escriba a la direcci\u00f3n que aparece en Direcciones de Contacto adjuntando prueba de derecho de autor y tras verificar los datos lo retiraremos de modo prioritario, o a su elecci\u00f3n, acreditaremos la obra.<\/span><\/p><p><span style=\"color: #999999;\">Unai Karam se compromete a retirar de modo prioritario el contenido alojado en esta web que est\u00e9 sujeto a derechos de autor y haya sido introducido por error. El usuario que comunique dicha solicitud deber\u00e1 adjuntar las pruebas de derecho de autor en la direcci\u00f3n que aparece en Direcciones de Contacto.<\/span><\/p>\t\t\t\t\t\t<\/div>\n\t\t\t\t<\/div>\n\t\t\t\t\t<\/div>\n\t\t<\/div>\n\t\t\t\t\t\t\t<\/div>\n\t\t<\/section>\n\t\t\t\t<section class=\"elementor-section elementor-top-section elementor-element elementor-element-704a21f7 elementor-section-content-middle elementor-section-boxed elementor-section-height-default elementor-section-height-default\" data-id=\"704a21f7\" data-element_type=\"section\">\n\t\t\t\t\t\t<div class=\"elementor-container elementor-column-gap-no\">\n\t\t\t\t\t<div class=\"elementor-column elementor-col-100 elementor-top-column elementor-element elementor-element-5f73472d\" data-id=\"5f73472d\" data-element_type=\"column\">\n\t\t\t<div class=\"elementor-widget-wrap elementor-element-populated\">\n\t\t\t\t\t\t\t\t<div class=\"elementor-element elementor-element-a439f20 elementor-widget elementor-widget-heading\" data-id=\"a439f20\" data-element_type=\"widget\" data-widget_type=\"heading.default\">\n\t\t\t\t<div class=\"elementor-widget-container\">\n\t\t\t<h4 class=\"elementor-heading-title elementor-size-default\">\u00bfQU\u00c9 COOKIES UTILIZA ESTA WEB?<\/h4>\t\t<\/div>\n\t\t\t\t<\/div>\n\t\t\t\t\t<\/div>\n\t\t<\/div>\n\t\t\t\t\t\t\t<\/div>\n\t\t<\/section>\n\t\t\t\t<section class=\"elementor-section elementor-top-section elementor-element elementor-element-2f4b12cf elementor-section-boxed elementor-section-height-default elementor-section-height-default\" data-id=\"2f4b12cf\" data-element_type=\"section\">\n\t\t\t\t\t\t<div class=\"elementor-container elementor-column-gap-default\">\n\t\t\t\t\t<div class=\"elementor-column elementor-col-100 elementor-top-column elementor-element elementor-element-20446df\" data-id=\"20446df\" data-element_type=\"column\">\n\t\t\t<div class=\"elementor-widget-wrap elementor-element-populated\">\n\t\t\t\t\t\t\t\t<div class=\"elementor-element elementor-element-79675fba elementor-widget elementor-widget-text-editor\" data-id=\"79675fba\" data-element_type=\"widget\" data-widget_type=\"text-editor.default\">\n\t\t\t\t<div class=\"elementor-widget-container\">\n\t\t\t\t\t\t\t<p><span style=\"color: #999999;\">Cookies de an\u00e1lisis<\/span><\/p><p><span style=\"color: #999999;\">Son aqu\u00e9llas que bien tratadas por nosotros o por terceros, nos permiten cuantificar el n\u00famero de usuarios y as\u00ed realizar la medici\u00f3n y an\u00e1lisis estad\u00edstico de la utilizaci\u00f3n que hacen los usuarios del servicio ofertado. Para ello se analiza su navegaci\u00f3n en nuestra p\u00e1gina web con el fin de mejorar la oferta de productos o servicios que le ofrecemos.<\/span><\/p><p><span style=\"color: #999999;\">Concretamente la aplicaci\u00f3n que utilizamos para obtener y analizar la informaci\u00f3n de la navegaci\u00f3n es: Google Analytics.<\/span><\/p><p><span style=\"color: #999999;\">Seguridad<\/span><\/p><p><span style=\"color: #999999;\">Utilizamos cookies de seguridad para autenticar a usuarios, evitar el uso fraudulento de credenciales de inicio de sesi\u00f3n y proteger los datos de usuarios frente a terceros no autorizados.<\/span><\/p><p><span style=\"color: #999999;\">Cookies de redes sociales<\/span><\/p><p><span style=\"color: #999999;\">Las Cookies de redes sociales \u00a0pueden almacenarse en su navegador mientras navega por unaikaram.com \u00a0por ejemplo, cuando utiliza el bot\u00f3n de compartir contenidos de unaikaram.com \u00a0en alguna red social.<\/span><\/p><p><span style=\"color: #999999;\">Las empresas que generan estas cookies correspondientes a las\u00a0 redes sociales que utiliza esta web\u00a0 tienen sus propias pol\u00edticas de cookies.<\/span><\/p><ul><li><span style=\"font-size: 16px;\"><span style=\"color: #999999;\">Cookie de Twitter, seg\u00fan lo dispuesto en su <a href=\"https:\/\/twitter.com\/es\/privacy\">Pol\u00edtica de Cookies<\/a><\/span><\/span><\/li><li><span style=\"color: #999999;\">Cookie de Facebook, seg\u00fan lo dispuesto en su<\/span>\u00a0<a href=\"https:\/\/www.facebook.com\/help\/cookies?ref_type=sitefooter\">Pol\u00edtica de Cookies<\/a><\/li><li><span style=\"color: #999999;\">Cookie de Google+, seg\u00fan lo dispuesto en su p\u00e1gina sobre qu\u00e9\u00a0<\/span><a href=\"http:\/\/www.google.com\/intl\/es\/policies\/technologies\/types\/\">tipo de cookies utilizan<\/a><\/li><li><span style=\"color: #999999;\">Cookie de Instagram, seg\u00fan lo dispuesto en su p\u00e1gina sobre qu\u00e9<\/span>\u00a0<a href=\"https:\/\/www.instagram.com\/legal\/cookies\/\">tipo de cookies utilizan<\/a><\/li><li><span style=\"color: #999999;\">Cookie de Youtube, seg\u00fan lo dispuesto en su p\u00e1gina sobre qu\u00e9<\/span>\u00a0<a href=\"https:\/\/www.google.es\/intl\/es\/policies\/privacy\/\">tipo de cookies utilizan<\/a><\/li><\/ul>\t\t\t\t\t\t<\/div>\n\t\t\t\t<\/div>\n\t\t\t\t\t<\/div>\n\t\t<\/div>\n\t\t\t\t\t\t\t<\/div>\n\t\t<\/section>\n\t\t\t\t<section class=\"elementor-section elementor-top-section elementor-element elementor-element-4cbb2797 elementor-section-content-middle elementor-section-boxed elementor-section-height-default elementor-section-height-default\" data-id=\"4cbb2797\" data-element_type=\"section\">\n\t\t\t\t\t\t<div class=\"elementor-container elementor-column-gap-no\">\n\t\t\t\t\t<div class=\"elementor-column elementor-col-100 elementor-top-column elementor-element elementor-element-2c6e7865\" data-id=\"2c6e7865\" data-element_type=\"column\">\n\t\t\t<div class=\"elementor-widget-wrap elementor-element-populated\">\n\t\t\t\t\t\t\t\t<div class=\"elementor-element elementor-element-5508b772 elementor-widget elementor-widget-heading\" data-id=\"5508b772\" data-element_type=\"widget\" data-widget_type=\"heading.default\">\n\t\t\t\t<div class=\"elementor-widget-container\">\n\t\t\t<h4 class=\"elementor-heading-title elementor-size-default\">M\u00c1S INFORMACI\u00d3N SOBRE LAS COOKIES<\/h4>\t\t<\/div>\n\t\t\t\t<\/div>\n\t\t\t\t\t<\/div>\n\t\t<\/div>\n\t\t\t\t\t\t\t<\/div>\n\t\t<\/section>\n\t\t\t\t<section class=\"elementor-section elementor-top-section elementor-element elementor-element-75272931 elementor-section-boxed elementor-section-height-default elementor-section-height-default\" data-id=\"75272931\" data-element_type=\"section\">\n\t\t\t\t\t\t<div class=\"elementor-container elementor-column-gap-default\">\n\t\t\t\t\t<div class=\"elementor-column elementor-col-100 elementor-top-column elementor-element elementor-element-73c1c2b4\" data-id=\"73c1c2b4\" data-element_type=\"column\">\n\t\t\t<div class=\"elementor-widget-wrap elementor-element-populated\">\n\t\t\t\t\t\t\t\t<div class=\"elementor-element elementor-element-37299759 elementor-widget elementor-widget-text-editor\" data-id=\"37299759\" data-element_type=\"widget\" data-widget_type=\"text-editor.default\">\n\t\t\t\t<div class=\"elementor-widget-container\">\n\t\t\t\t\t\t\t<p><span style=\"color: #999999;\">Puedes consultar el reglamento sobre cookies publicado por la Agencia Espa\u00f1ola de Protecci\u00f3n de Datos en su\u00a0<\/span><a href=\"https:\/\/www.agpd.es\/portalwebAGPD\/canaldocumentacion\/publicaciones\/common\/Guias\/Guia_Cookies.pdf\">\u201cGu\u00eda sobre el uso de las cookies\u201d<\/a>\u00a0<span style=\"color: #999999;\">y\u00a0 obtener m\u00e1s informaci\u00f3n sobre las cookies en Internet,<\/span>\u00a0<a href=\"http:\/\/www.aboutcookies.org\/\">http:\/\/www.aboutcookies.org\/<\/a><\/p>\t\t\t\t\t\t<\/div>\n\t\t\t\t<\/div>\n\t\t\t\t\t<\/div>\n\t\t<\/div>\n\t\t\t\t\t\t\t<\/div>\n\t\t<\/section>\n\t\t\t\t<section class=\"elementor-section elementor-top-section elementor-element elementor-element-21c0f129 elementor-hidden-phone elementor-section-boxed elementor-section-height-default elementor-section-height-default\" data-id=\"21c0f129\" data-element_type=\"section\">\n\t\t\t\t\t\t<div class=\"elementor-container elementor-column-gap-default\">\n\t\t\t\t\t<div class=\"elementor-column elementor-col-100 elementor-top-column elementor-element elementor-element-4798d99b\" data-id=\"4798d99b\" data-element_type=\"column\">\n\t\t\t<div class=\"elementor-widget-wrap elementor-element-populated\">\n\t\t\t\t\t\t\t\t<div class=\"elementor-element elementor-element-37afedfe elementor-widget elementor-widget-spacer\" data-id=\"37afedfe\" data-element_type=\"widget\" data-widget_type=\"spacer.default\">\n\t\t\t\t<div class=\"elementor-widget-container\">\n\t\t\t\t\t<div class=\"elementor-spacer\">\n\t\t\t<div class=\"elementor-spacer-inner\"><\/div>\n\t\t<\/div>\n\t\t\t\t<\/div>\n\t\t\t\t<\/div>\n\t\t\t\t\t<\/div>\n\t\t<\/div>\n\t\t\t\t\t\t\t<\/div>\n\t\t<\/section>\n\t\t\t\t<section class=\"elementor-section elementor-top-section elementor-element elementor-element-505f37f elementor-section-boxed elementor-section-height-default elementor-section-height-default\" data-id=\"505f37f\" data-element_type=\"section\">\n\t\t\t\t\t\t<div class=\"elementor-container elementor-column-gap-default\">\n\t\t\t\t\t<div class=\"elementor-column elementor-col-100 elementor-top-column elementor-element elementor-element-7caad1e\" data-id=\"7caad1e\" data-element_type=\"column\">\n\t\t\t<div class=\"elementor-widget-wrap elementor-element-populated\">\n\t\t\t\t\t\t\t\t<div class=\"elementor-element elementor-element-0dba31a elementor-widget elementor-widget-text-editor\" data-id=\"0dba31a\" data-element_type=\"widget\" data-widget_type=\"text-editor.default\">\n\t\t\t\t<div class=\"elementor-widget-container\">\n\t\t\t\t\t\t\t<p style=\"text-align: center;\"><a href=\"http:\/\/unaikaram.com\/en\/politicas-de-privacidad\/\">Privacy Policy<\/a><\/p><p style=\"text-align: center;\"><a href=\"http:\/\/unaikaram.com\/en\/aviso-legal\/\">Legal Disclaimer<\/a><\/p>\t\t\t\t\t\t<\/div>\n\t\t\t\t<\/div>\n\t\t\t\t\t<\/div>\n\t\t<\/div>\n\t\t\t\t\t\t\t<\/div>\n\t\t<\/section>\n\t\t\t\t\t\t\t<\/div>","protected":false},"excerpt":{"rendered":"<p>File &#8211; Politica de Cookies &#8211; \u00bfQU\u00c9 SON LAS COOKIES? Las cookies son ficheros que se descargan en tu ordenador cuando accedes a esta p\u00e1gina web y que van a hacer posible, entre otras cosas, el almacenamiento y recuperaci\u00f3n de informaci\u00f3n sobre tus h\u00e1bitos de navegaci\u00f3n o de tu equipo y que tengas una mejor&hellip; <br \/> <a class=\"read-more\" href=\"https:\/\/unaikaram.com\/en\/politica-de-cookies\/\">Read more<\/a><\/p>","protected":false},"author":2,"featured_media":0,"parent":0,"menu_order":0,"comment_status":"closed","ping_status":"closed","template":"elementor_header_footer","meta":{"_monsterinsights_skip_tracking":false,"_monsterinsights_sitenote_active":false,"_monsterinsights_sitenote_note":"","_monsterinsights_sitenote_category":0,"footnotes":""},"class_list":["post-687","page","type-page","status-publish","hentry"],"yoast_head":"<!-- This site is optimized with the Yoast SEO plugin v24.3 - https:\/\/yoast.com\/wordpress\/plugins\/seo\/ -->\n<title>Pol\u00edtica de cookies -<\/title>\n<meta name=\"description\" content=\"Pol\u00edtica de cookies de unaikaram.com\" \/>\n<meta name=\"robots\" content=\"noindex, nofollow\" \/>\n<meta property=\"og:locale\" content=\"en_US\" \/>\n<meta property=\"og:type\" content=\"article\" \/>\n<meta property=\"og:title\" content=\"Pol\u00edtica de cookies -\" \/>\n<meta property=\"og:description\" content=\"Pol\u00edtica de cookies de unaikaram.com\" \/>\n<meta property=\"og:url\" content=\"https:\/\/unaikaram.com\/en\/politica-de-cookies\/\" \/>\n<meta property=\"article:modified_time\" content=\"2023-02-24T11:38:04+00:00\" \/>\n<meta name=\"twitter:card\" content=\"summary_large_image\" \/>\n<meta name=\"twitter:label1\" content=\"Est. reading time\" \/>\n\t<meta name=\"twitter:data1\" content=\"3 minutes\" \/>\n<script type=\"application\/ld+json\" class=\"yoast-schema-graph\">{\"@context\":\"https:\/\/schema.org\",\"@graph\":[{\"@type\":\"WebPage\",\"@id\":\"https:\/\/unaikaram.com\/politica-de-cookies\/\",\"url\":\"https:\/\/unaikaram.com\/politica-de-cookies\/\",\"name\":\"Pol\u00edtica de cookies -\",\"isPartOf\":{\"@id\":\"https:\/\/unaikaram.com\/#website\"},\"datePublished\":\"2020-03-25T17:41:30+00:00\",\"dateModified\":\"2023-02-24T11:38:04+00:00\",\"description\":\"Pol\u00edtica de cookies de unaikaram.com\",\"breadcrumb\":{\"@id\":\"https:\/\/unaikaram.com\/politica-de-cookies\/#breadcrumb\"},\"inLanguage\":\"en-US\",\"potentialAction\":[{\"@type\":\"ReadAction\",\"target\":[\"https:\/\/unaikaram.com\/politica-de-cookies\/\"]}]},{\"@type\":\"BreadcrumbList\",\"@id\":\"https:\/\/unaikaram.com\/politica-de-cookies\/#breadcrumb\",\"itemListElement\":[{\"@type\":\"ListItem\",\"position\":1,\"name\":\"Portada\",\"item\":\"https:\/\/unaikaram.com\/\"},{\"@type\":\"ListItem\",\"position\":2,\"name\":\"Pol\u00edtica de cookies\"}]},{\"@type\":\"WebSite\",\"@id\":\"https:\/\/unaikaram.com\/#website\",\"url\":\"https:\/\/unaikaram.com\/\",\"name\":\"\",\"description\":\"\",\"potentialAction\":[{\"@type\":\"SearchAction\",\"target\":{\"@type\":\"EntryPoint\",\"urlTemplate\":\"https:\/\/unaikaram.com\/?s={search_term_string}\"},\"query-input\":{\"@type\":\"PropertyValueSpecification\",\"valueRequired\":true,\"valueName\":\"search_term_string\"}}],\"inLanguage\":\"en-US\"}]}<\/script>\n<!-- \/ Yoast SEO plugin. -->","yoast_head_json":{"title":"Pol\u00edtica de cookies -","description":"Pol\u00edtica de cookies de unaikaram.com","robots":{"index":"noindex","follow":"nofollow"},"og_locale":"en_US","og_type":"article","og_title":"Pol\u00edtica de cookies -","og_description":"Pol\u00edtica de cookies de unaikaram.com","og_url":"https:\/\/unaikaram.com\/en\/politica-de-cookies\/","article_modified_time":"2023-02-24T11:38:04+00:00","twitter_card":"summary_large_image","twitter_misc":{"Est. reading time":"3 minutes"},"schema":{"@context":"https:\/\/schema.org","@graph":[{"@type":"WebPage","@id":"https:\/\/unaikaram.com\/politica-de-cookies\/","url":"https:\/\/unaikaram.com\/politica-de-cookies\/","name":"Pol\u00edtica de cookies -","isPartOf":{"@id":"https:\/\/unaikaram.com\/#website"},"datePublished":"2020-03-25T17:41:30+00:00","dateModified":"2023-02-24T11:38:04+00:00","description":"Pol\u00edtica de cookies de unaikaram.com","breadcrumb":{"@id":"https:\/\/unaikaram.com\/politica-de-cookies\/#breadcrumb"},"inLanguage":"en-US","potentialAction":[{"@type":"ReadAction","target":["https:\/\/unaikaram.com\/politica-de-cookies\/"]}]},{"@type":"BreadcrumbList","@id":"https:\/\/unaikaram.com\/politica-de-cookies\/#breadcrumb","itemListElement":[{"@type":"ListItem","position":1,"name":"Portada","item":"https:\/\/unaikaram.com\/"},{"@type":"ListItem","position":2,"name":"Pol\u00edtica de cookies"}]},{"@type":"WebSite","@id":"https:\/\/unaikaram.com\/#website","url":"https:\/\/unaikaram.com\/","name":"","description":"","potentialAction":[{"@type":"SearchAction","target":{"@type":"EntryPoint","urlTemplate":"https:\/\/unaikaram.com\/?s={search_term_string}"},"query-input":{"@type":"PropertyValueSpecification","valueRequired":true,"valueName":"search_term_string"}}],"inLanguage":"en-US"}]}},"_links":{"self":[{"href":"https:\/\/unaikaram.com\/en\/wp-json\/wp\/v2\/pages\/687","targetHints":{"allow":["GET"]}}],"collection":[{"href":"https:\/\/unaikaram.com\/en\/wp-json\/wp\/v2\/pages"}],"about":[{"href":"https:\/\/unaikaram.com\/en\/wp-json\/wp\/v2\/types\/page"}],"author":[{"embeddable":true,"href":"https:\/\/unaikaram.com\/en\/wp-json\/wp\/v2\/users\/2"}],"replies":[{"embeddable":true,"href":"https:\/\/unaikaram.com\/en\/wp-json\/wp\/v2\/comments?post=687"}],"version-history":[{"count":19,"href":"https:\/\/unaikaram.com\/en\/wp-json\/wp\/v2\/pages\/687\/revisions"}],"predecessor-version":[{"id":1546,"href":"https:\/\/unaikaram.com\/en\/wp-json\/wp\/v2\/pages\/687\/revisions\/1546"}],"wp:attachment":[{"href":"https:\/\/unaikaram.com\/en\/wp-json\/wp\/v2\/media?parent=687"}],"curies":[{"name":"wp","href":"https:\/\/api.w.org\/{rel}","templated":true}]}}