{"id":147,"date":"2017-12-02T15:59:21","date_gmt":"2017-12-02T15:59:21","guid":{"rendered":"http:\/\/unaikaram.com\/?page_id=147"},"modified":"2026-03-02T20:26:44","modified_gmt":"2026-03-02T20:26:44","slug":"bio","status":"publish","type":"page","link":"https:\/\/unaikaram.com\/en\/bio\/","title":{"rendered":"Bio"},"content":{"rendered":"<div data-elementor-type=\"wp-page\" data-elementor-id=\"147\" class=\"elementor elementor-147\">\n\t\t\t\t\t\t\t\t\t<section class=\"elementor-section elementor-top-section elementor-element elementor-element-8c61f08 elementor-section-boxed elementor-section-height-default elementor-section-height-default\" data-id=\"8c61f08\" data-element_type=\"section\">\n\t\t\t\t\t\t<div class=\"elementor-container elementor-column-gap-default\">\n\t\t\t\t\t<div class=\"elementor-column elementor-col-100 elementor-top-column elementor-element elementor-element-56ec861\" data-id=\"56ec861\" data-element_type=\"column\">\n\t\t\t<div class=\"elementor-widget-wrap elementor-element-populated\">\n\t\t\t\t\t\t\t\t<div class=\"elementor-element elementor-element-146b857 elementor-widget elementor-widget-image\" data-id=\"146b857\" data-element_type=\"widget\" data-widget_type=\"image.default\">\n\t\t\t\t<div class=\"elementor-widget-container\">\n\t\t\t\t\t\t\t\t\t\t\t\t\t\t\t<img decoding=\"async\" src=\"https:\/\/unaikaram.com\/wp-content\/uploads\/elementor\/thumbs\/promo1.JPG-2-pmbz9iesbeh7p0x5bie287029ft59umnljob8ch5sw.jpg\" title=\"Foto Unai Karama Promo\" alt=\"Promo Plataformas Digitales\" loading=\"lazy\" \/>\t\t\t\t\t\t\t\t\t\t\t\t\t\t\t<\/div>\n\t\t\t\t<\/div>\n\t\t\t\t\t<\/div>\n\t\t<\/div>\n\t\t\t\t\t\t\t<\/div>\n\t\t<\/section>\n\t\t\t\t<section class=\"elementor-section elementor-top-section elementor-element elementor-element-a32ed45 elementor-section-boxed elementor-section-height-default elementor-section-height-default\" data-id=\"a32ed45\" data-element_type=\"section\">\n\t\t\t\t\t\t<div class=\"elementor-container elementor-column-gap-default\">\n\t\t\t\t\t<div class=\"elementor-column elementor-col-100 elementor-top-column elementor-element elementor-element-5c87891\" data-id=\"5c87891\" data-element_type=\"column\">\n\t\t\t<div class=\"elementor-widget-wrap elementor-element-populated\">\n\t\t\t\t\t\t\t\t<div class=\"elementor-element elementor-element-138b0ec elementor-widget elementor-widget-spacer\" data-id=\"138b0ec\" data-element_type=\"widget\" data-widget_type=\"spacer.default\">\n\t\t\t\t<div class=\"elementor-widget-container\">\n\t\t\t\t\t<div class=\"elementor-spacer\">\n\t\t\t<div class=\"elementor-spacer-inner\"><\/div>\n\t\t<\/div>\n\t\t\t\t<\/div>\n\t\t\t\t<\/div>\n\t\t\t\t\t<\/div>\n\t\t<\/div>\n\t\t\t\t\t\t\t<\/div>\n\t\t<\/section>\n\t\t\t\t<section class=\"elementor-section elementor-top-section elementor-element elementor-element-b09556c elementor-section-boxed elementor-section-height-default elementor-section-height-default\" data-id=\"b09556c\" data-element_type=\"section\">\n\t\t\t\t\t\t<div class=\"elementor-container elementor-column-gap-default\">\n\t\t\t\t\t<div class=\"elementor-column elementor-col-100 elementor-top-column elementor-element elementor-element-14e9d57\" data-id=\"14e9d57\" data-element_type=\"column\">\n\t\t\t<div class=\"elementor-widget-wrap elementor-element-populated\">\n\t\t\t\t\t\t\t\t<div class=\"elementor-element elementor-element-70b9ee1 elementor-widget elementor-widget-text-editor\" data-id=\"70b9ee1\" data-element_type=\"widget\" data-widget_type=\"text-editor.default\">\n\t\t\t\t<div class=\"elementor-widget-container\">\n\t\t\t\t\t\t\t<h5 style=\"text-align: center;\"><span style=\"color: #ffffff;\">Unai Karam<\/span><\/h5><p class=\"p1\"><span class=\"s1\">Pianista, compositor y productor musical nacido en San Sebasti\u00e1n. Comenz\u00f3 su educaci\u00f3n musical a los 7 a\u00f1os en Madrid. Su formaci\u00f3n como pianista incluye el Conservatorio Adolfo Salazar de Madrid, el Conservatorio Superior de M\u00fasica de Salamanca, la <em>Hochschule f\u00fcr Musik<\/em> de W\u00fcrzburg y el Centro Superior Katarina Gurska.<\/span><\/p><p>Como int\u00e9rprete ha actuado en Espa\u00f1a y otros pa\u00edses europeos. La cr\u00edtica alemana lo describi\u00f3 como \u00abjoven y talentoso pianista espa\u00f1ol que nos sorprendi\u00f3 con una precisa y virtuosa interpretaci\u00f3n del repertorio alem\u00e1n\u00bb (<em><a href=\"https:\/\/www.mainpost.de\/regional\/main-spessart\/klavierkonzert-praezises-und-virtuoses-spiel-art-9191563\" target=\"_blank\" rel=\"noopener\">Main-Post.de<\/a><\/em>, Bayern, Alemania). Form\u00f3 parte de la JORCAM (Joven Orquesta de la Comunidad de Madrid) y particip\u00f3, entre otros proyectos, en el <a href=\"https:\/\/www.informacion.es\/cultura\/2010\/07\/30\/compositor-jesus-torres-crea-sinfonia-7138632.html\" target=\"_blank\" rel=\"noopener\">estreno<\/a> de <em>Evocaci\u00f3n de Miguel Hern\u00e1ndez<\/em>, del Premio Nacional de M\u00fasica Jes\u00fas Torres.<\/p><p data-pm-slice=\"1 1 []\">A lo largo de su carrera ha recibido diversos reconocimientos, entre ellos el Primer Premio en las ediciones VI y VIII del Concurso Piano Polim\u00fasica, el Premio Extraordinario Fin de Grado Profesional, as\u00ed como el Premio Fin de Grado de Ense\u00f1anzas Profesionales (2011). Su actividad musical abarca la interpretaci\u00f3n, la docencia, la composici\u00f3n, la producci\u00f3n y la investigaci\u00f3n.<\/p><p data-pm-slice=\"1 1 []\">En paralelo a su trayectoria en el conservatorio, comenz\u00f3 de manera autodidacta a explorar la producci\u00f3n musical. En 2014 inici\u00f3 la publicaci\u00f3n de versiones para piano de canciones pop en plataformas digitales, con una r\u00e1pida proyecci\u00f3n internacional. Varias interpretaciones fueron seleccionadas por curadores de Spotify y alcanzaron el Top 50 Viral en doce pa\u00edses, entre ellos Espa\u00f1a, Colombia, Per\u00fa y Uruguay. En 2017 lleg\u00f3 al n.\u00ba 2 de la lista viral en Chile y al n.\u00ba 3 en Argentina. Ese mismo a\u00f1o, firm\u00f3 su primer contrato discogr\u00e1fico con Universal Music Spain.<\/p><p class=\"p1\"><span class=\"s1\">Desde entonces ha desarrollado una intensa actividad como productor y compositor, destacando trabajos como la campa\u00f1a <a href=\"https:\/\/open.spotify.com\/track\/111RqIm2j37EmXlgMoX6H5?si=0bbbe081b4fc46e1\" target=\"_blank\" rel=\"noopener\"><span class=\"s2\">Soy Yo<\/span><\/a> young fashion of El Corte Ingl\u00e9s together with <\/span><span class=\"s2\">Milena Brody, <\/span><span class=\"s1\">pianio and voice arrangement <\/span><span class=\"s1\">of the single <a href=\"https:\/\/www.youtube.com\/watch?v=OXMKZuOha-0\" target=\"_blank\" rel=\"noopener\"><span class=\"s2\">Esta Vez<\/span><\/a> junto a <a href=\"https:\/\/open.spotify.com\/artist\/5AMBCoLbNgVCbA3XYMRlks?si=fWCy5D-yQY28XVrnj8hc3w\" target=\"_blank\" rel=\"noopener\">Cepeda<\/a> o su <a href=\"https:\/\/www.youtube.com\/watch?v=Oah4AxDjQnU\" target=\"_blank\" rel=\"noopener\">colaboraci\u00f3n<\/a> con <a href=\"https:\/\/open.spotify.com\/artist\/7LrXIUbc5YUI3SjEaAh3ma?si=fY-Ym1L7TnOSANzHWyL7Sg\" target=\"_blank\" rel=\"noopener\">blackpanda<\/a> en <a href=\"https:\/\/open.spotify.com\/track\/4zJlaQ7WJurirUSJ8dpSis?si=902eadd5e05d4340\" target=\"_blank\" rel=\"noopener\">NICOTINA<\/a><\/span><span class=\"s1\">.<\/span><\/p><p data-pm-slice=\"1 1 []\">Entre 2020 y 2022 se centr\u00f3 en la composici\u00f3n de su primer \u00e1lbum propio, <em><a href=\"https:\/\/open.spotify.com\/intl-es\/album\/6k1oCDE6LgiXqap04eCUmj?si=U1AugtCMRuS4wAFAdYXPcw\" target=\"_blank\" rel=\"noopener\">art in modern times<\/a><\/em>, una obra instrumental que combina piano, sintetizador y diversos teclados. El proyecto cont\u00f3 con la colaboraci\u00f3n del ingeniero de sonido <a href=\"https:\/\/www.luisdeltoro.com\/\" target=\"_blank\" rel=\"noopener\">Luis del Toro<\/a>, pionero en sonido espacial Dolby Atmos, lo que lo convirti\u00f3 en uno de los <a href=\"https:\/\/www.youtube.com\/watch?v=XAud86lr2Jk\" target=\"_blank\" rel=\"noopener\">primeros \u00e1lbumes<\/a> instrumentales en este formato grabados en Espa\u00f1a. Varias piezas tuvieron una notable repercusi\u00f3n en Apple Music y se incorporaron a <a href=\"https:\/\/unaikaram.com\/wp-content\/uploads\/2025\/01\/repercusion.webp\" target=\"_blank\" rel=\"noopener\">listas<\/a> como Novedades Cl\u00e1sica o Cl\u00e1sica en Audio Espacial. Este \u00e1lbum propone una reflexi\u00f3n introspectiva sobre la trayectoria creativa del artista, inspir\u00e1ndose en figuras como Maurits C. Escher o Federico Garc\u00eda Lorca.<\/p><p data-pm-slice=\"1 1 []\">En 2022 fue ganador de la edici\u00f3n <em><a href=\"https:\/\/community.spotify.com\/t5\/The-Blog-Vault\/Artists-Wanted-No-4-Meet-winner-Unai-Karam\/ba-p\/5395909\" target=\"_blank\" rel=\"noopener\">Artist Wanted No. 4<\/a><\/em>\u00a0de Spotify, lo que le permiti\u00f3 ofrecer un <a href=\"https:\/\/www.youtube.com\/watch?v=iJjkTEdu4O4\" target=\"_blank\" rel=\"noopener\">concierto<\/a> retransmitido a nivel mundial. Su m\u00fasica supera ya los seis millones de reproducciones en la plataforma. Adem\u00e1s, <em>art in modern times<\/em>\u00a0fue firmado por ADA (Warner Music Group) y candidato en dos categor\u00edas en los Latin Grammy 2023: Mejor \u00c1lbum de M\u00fasica Cl\u00e1sica y Mejor \u00c1lbum de M\u00fasica Instrumental.<\/p><p data-pm-slice=\"1 1 []\">En los \u00faltimos a\u00f1os tambi\u00e9n ha trabajado como arreglista para Fever, contribuyendo con arreglos para cuarteto de cuerda y piano en los conciertos Candlelight celebrados en todo el mundo.<\/p><p>Actualmente centra su actividad en la docencia. Es funcionario de carrera desde 2025 del Cuerpo de Profesores de M\u00fasica y Artes Esc\u00e9nicas y ejerce como profesor de piano en el Conservatorio Profesional de M\u00fasica \u00abMarcos Redondo\u00bb (Pozoblanco).<\/p><p>Paralelamente, desarrolla una l\u00ednea de trabajo centrada en la implementaci\u00f3n de t\u00e9cnicas de grabaci\u00f3n y producci\u00f3n musical aplicadas al alumnado de conservatorio, \u00e1mbito en el que imparte charlas y cursos de formaci\u00f3n en diferentes <a href=\"https:\/\/www.melomanodigital.com\/el-coscyl-celebra-su-semana-de-puertas-abiertas\/\" target=\"_blank\" rel=\"noopener\">conservatorios profesionales y superiores<\/a>.<\/p><p data-pm-slice=\"1 1 []\">Entre sus pr\u00f3ximos proyectos trabaja en la composici\u00f3n de tres EPs, explorando los g\u00e9neros ambient, neocl\u00e1sico y techno, continuando as\u00ed el viaje sonoro iniciado con <em>art in modern times<\/em>.<\/p>\t\t\t\t\t\t<\/div>\n\t\t\t\t<\/div>\n\t\t\t\t\t<\/div>\n\t\t<\/div>\n\t\t\t\t\t\t\t<\/div>\n\t\t<\/section>\n\t\t\t\t<section class=\"elementor-section elementor-top-section elementor-element elementor-element-dd610b3 elementor-section-boxed elementor-section-height-default elementor-section-height-default\" data-id=\"dd610b3\" data-element_type=\"section\">\n\t\t\t\t\t\t<div class=\"elementor-container elementor-column-gap-default\">\n\t\t\t\t\t<div class=\"elementor-column elementor-col-100 elementor-top-column elementor-element elementor-element-32b3c10\" data-id=\"32b3c10\" data-element_type=\"column\">\n\t\t\t<div class=\"elementor-widget-wrap elementor-element-populated\">\n\t\t\t\t\t\t\t\t<div class=\"elementor-element elementor-element-f3c5147 elementor-widget elementor-widget-spacer\" data-id=\"f3c5147\" data-element_type=\"widget\" data-widget_type=\"spacer.default\">\n\t\t\t\t<div class=\"elementor-widget-container\">\n\t\t\t\t\t<div class=\"elementor-spacer\">\n\t\t\t<div class=\"elementor-spacer-inner\"><\/div>\n\t\t<\/div>\n\t\t\t\t<\/div>\n\t\t\t\t<\/div>\n\t\t\t\t\t<\/div>\n\t\t<\/div>\n\t\t\t\t\t\t\t<\/div>\n\t\t<\/section>\n\t\t\t\t<section class=\"elementor-section elementor-top-section elementor-element elementor-element-36b5ed3 elementor-section-boxed elementor-section-height-default elementor-section-height-default\" data-id=\"36b5ed3\" data-element_type=\"section\">\n\t\t\t\t\t\t<div class=\"elementor-container elementor-column-gap-default\">\n\t\t\t\t\t<div class=\"elementor-column elementor-col-100 elementor-top-column elementor-element elementor-element-02897d2\" data-id=\"02897d2\" data-element_type=\"column\">\n\t\t\t<div class=\"elementor-widget-wrap elementor-element-populated\">\n\t\t\t\t\t\t\t\t<div class=\"elementor-element elementor-element-5e65f92 elementor-widget elementor-widget-text-editor\" data-id=\"5e65f92\" data-element_type=\"widget\" data-widget_type=\"text-editor.default\">\n\t\t\t\t<div class=\"elementor-widget-container\">\n\t\t\t\t\t\t\t<p style=\"text-align: center;\"><a href=\"http:\/\/unaikaram.com\/en\/politicas-de-privacidad\/\">Privacy Policy<\/a><\/p><p style=\"text-align: center;\"><a href=\"http:\/\/unaikaram.com\/en\/aviso-legal\/\">Legal Disclaimer<\/a><\/p>\t\t\t\t\t\t<\/div>\n\t\t\t\t<\/div>\n\t\t\t\t\t<\/div>\n\t\t<\/div>\n\t\t\t\t\t\t\t<\/div>\n\t\t<\/section>\n\t\t\t\t<section class=\"elementor-section elementor-top-section elementor-element elementor-element-7d5b170 elementor-section-boxed elementor-section-height-default elementor-section-height-default\" data-id=\"7d5b170\" data-element_type=\"section\">\n\t\t\t\t\t\t<div class=\"elementor-container elementor-column-gap-default\">\n\t\t\t\t\t<div class=\"elementor-column elementor-col-100 elementor-top-column elementor-element elementor-element-9fde60f\" data-id=\"9fde60f\" data-element_type=\"column\">\n\t\t\t<div class=\"elementor-widget-wrap elementor-element-populated\">\n\t\t\t\t\t\t\t\t<div class=\"elementor-element elementor-element-2857136 elementor-widget elementor-widget-spacer\" data-id=\"2857136\" data-element_type=\"widget\" data-widget_type=\"spacer.default\">\n\t\t\t\t<div class=\"elementor-widget-container\">\n\t\t\t\t\t<div class=\"elementor-spacer\">\n\t\t\t<div class=\"elementor-spacer-inner\"><\/div>\n\t\t<\/div>\n\t\t\t\t<\/div>\n\t\t\t\t<\/div>\n\t\t\t\t\t<\/div>\n\t\t<\/div>\n\t\t\t\t\t\t\t<\/div>\n\t\t<\/section>\n\t\t\t\t<section class=\"elementor-section elementor-top-section elementor-element elementor-element-4777823 elementor-section-boxed elementor-section-height-default elementor-section-height-default\" data-id=\"4777823\" data-element_type=\"section\">\n\t\t\t\t\t\t<div class=\"elementor-container elementor-column-gap-default\">\n\t\t\t\t\t<div class=\"elementor-column elementor-col-20 elementor-top-column elementor-element elementor-element-f099711\" data-id=\"f099711\" data-element_type=\"column\">\n\t\t\t<div class=\"elementor-widget-wrap elementor-element-populated\">\n\t\t\t\t\t\t\t\t<div class=\"elementor-element elementor-element-b299b66 elementor-align-center elementor-mobile-align-justify elementor-widget elementor-widget-button\" data-id=\"b299b66\" data-element_type=\"widget\" data-widget_type=\"button.default\">\n\t\t\t\t<div class=\"elementor-widget-container\">\n\t\t\t\t\t<div class=\"elementor-button-wrapper\">\n\t\t\t<a class=\"elementor-button elementor-button-link elementor-size-sm\" href=\"https:\/\/open.spotify.com\/artist\/0R3uFW1eRvCDmQgB0mgvnB?si=10wfN5OUT-K69tdTr9hy0A\" target=\"_blank\">\n\t\t\t\t\t\t<span class=\"elementor-button-content-wrapper\">\n\t\t\t\t\t\t<span class=\"elementor-button-icon elementor-align-icon-left\">\n\t\t\t\t<i aria-hidden=\"true\" class=\"fab fa-spotify\"><\/i>\t\t\t<\/span>\n\t\t\t\t\t\t<span class=\"elementor-button-text\"><\/span>\n\t\t<\/span>\n\t\t\t\t\t<\/a>\n\t\t<\/div>\n\t\t\t\t<\/div>\n\t\t\t\t<\/div>\n\t\t\t\t\t<\/div>\n\t\t<\/div>\n\t\t\t\t<div class=\"elementor-column elementor-col-20 elementor-top-column elementor-element elementor-element-c1ae348\" data-id=\"c1ae348\" data-element_type=\"column\">\n\t\t\t<div class=\"elementor-widget-wrap elementor-element-populated\">\n\t\t\t\t\t\t\t\t<div class=\"elementor-element elementor-element-853c36d elementor-align-center elementor-mobile-align-justify elementor-widget elementor-widget-button\" data-id=\"853c36d\" data-element_type=\"widget\" data-widget_type=\"button.default\">\n\t\t\t\t<div class=\"elementor-widget-container\">\n\t\t\t\t\t<div class=\"elementor-button-wrapper\">\n\t\t\t<a class=\"elementor-button elementor-button-link elementor-size-sm\" href=\"https:\/\/music.apple.com\/es\/artist\/unai-karam\/1166212548\" target=\"_blank\">\n\t\t\t\t\t\t<span class=\"elementor-button-content-wrapper\">\n\t\t\t\t\t\t<span class=\"elementor-button-icon elementor-align-icon-left\">\n\t\t\t\t<i aria-hidden=\"true\" class=\"fab fa-apple\"><\/i>\t\t\t<\/span>\n\t\t\t\t\t\t<span class=\"elementor-button-text\"><\/span>\n\t\t<\/span>\n\t\t\t\t\t<\/a>\n\t\t<\/div>\n\t\t\t\t<\/div>\n\t\t\t\t<\/div>\n\t\t\t\t\t<\/div>\n\t\t<\/div>\n\t\t\t\t<div class=\"elementor-column elementor-col-20 elementor-top-column elementor-element elementor-element-e01f036\" data-id=\"e01f036\" data-element_type=\"column\">\n\t\t\t<div class=\"elementor-widget-wrap elementor-element-populated\">\n\t\t\t\t\t\t\t\t<div class=\"elementor-element elementor-element-a4dce1f elementor-align-center elementor-mobile-align-justify elementor-widget elementor-widget-button\" data-id=\"a4dce1f\" data-element_type=\"widget\" data-widget_type=\"button.default\">\n\t\t\t\t<div class=\"elementor-widget-container\">\n\t\t\t\t\t<div class=\"elementor-button-wrapper\">\n\t\t\t<a class=\"elementor-button elementor-button-link elementor-size-sm\" href=\"https:\/\/www.instagram.com\/unai.karam\" target=\"_blank\">\n\t\t\t\t\t\t<span class=\"elementor-button-content-wrapper\">\n\t\t\t\t\t\t<span class=\"elementor-button-icon elementor-align-icon-left\">\n\t\t\t\t<i aria-hidden=\"true\" class=\"fab fa-instagram\"><\/i>\t\t\t<\/span>\n\t\t\t\t\t\t<span class=\"elementor-button-text\"><\/span>\n\t\t<\/span>\n\t\t\t\t\t<\/a>\n\t\t<\/div>\n\t\t\t\t<\/div>\n\t\t\t\t<\/div>\n\t\t\t\t\t<\/div>\n\t\t<\/div>\n\t\t\t\t<div class=\"elementor-column elementor-col-20 elementor-top-column elementor-element elementor-element-ab35696\" data-id=\"ab35696\" data-element_type=\"column\">\n\t\t\t<div class=\"elementor-widget-wrap elementor-element-populated\">\n\t\t\t\t\t\t\t\t<div class=\"elementor-element elementor-element-7128502 elementor-align-center elementor-mobile-align-justify elementor-widget elementor-widget-button\" data-id=\"7128502\" data-element_type=\"widget\" data-widget_type=\"button.default\">\n\t\t\t\t<div class=\"elementor-widget-container\">\n\t\t\t\t\t<div class=\"elementor-button-wrapper\">\n\t\t\t<a class=\"elementor-button elementor-button-link elementor-size-sm\" href=\"https:\/\/www.facebook.com\/unaikarampiano\/\" target=\"_blank\">\n\t\t\t\t\t\t<span class=\"elementor-button-content-wrapper\">\n\t\t\t\t\t\t<span class=\"elementor-button-icon elementor-align-icon-left\">\n\t\t\t\t<i aria-hidden=\"true\" class=\"fab fa-facebook\"><\/i>\t\t\t<\/span>\n\t\t\t\t\t\t<span class=\"elementor-button-text\"><\/span>\n\t\t<\/span>\n\t\t\t\t\t<\/a>\n\t\t<\/div>\n\t\t\t\t<\/div>\n\t\t\t\t<\/div>\n\t\t\t\t\t<\/div>\n\t\t<\/div>\n\t\t\t\t<div class=\"elementor-column elementor-col-20 elementor-top-column elementor-element elementor-element-0f8cfb1\" data-id=\"0f8cfb1\" data-element_type=\"column\">\n\t\t\t<div class=\"elementor-widget-wrap elementor-element-populated\">\n\t\t\t\t\t\t\t\t<div class=\"elementor-element elementor-element-cfb1dc7 elementor-align-center elementor-mobile-align-justify elementor-widget elementor-widget-button\" data-id=\"cfb1dc7\" data-element_type=\"widget\" data-widget_type=\"button.default\">\n\t\t\t\t<div class=\"elementor-widget-container\">\n\t\t\t\t\t<div class=\"elementor-button-wrapper\">\n\t\t\t<a class=\"elementor-button elementor-button-link elementor-size-sm\" href=\"https:\/\/www.youtube.com\/channel\/UCs9cxlQjidpHb9q-J0MMBkA?disable_polymer=true\" target=\"_blank\">\n\t\t\t\t\t\t<span class=\"elementor-button-content-wrapper\">\n\t\t\t\t\t\t<span class=\"elementor-button-icon elementor-align-icon-left\">\n\t\t\t\t<i aria-hidden=\"true\" class=\"fab fa-youtube\"><\/i>\t\t\t<\/span>\n\t\t\t\t\t\t<span class=\"elementor-button-text\"><\/span>\n\t\t<\/span>\n\t\t\t\t\t<\/a>\n\t\t<\/div>\n\t\t\t\t<\/div>\n\t\t\t\t<\/div>\n\t\t\t\t\t<\/div>\n\t\t<\/div>\n\t\t\t\t\t\t\t<\/div>\n\t\t<\/section>\n\t\t\t\t\t\t\t<\/div>","protected":false},"excerpt":{"rendered":"<p>Unai Karam Pianista, compositor y productor musical nacido en San Sebasti\u00e1n. Comenz\u00f3 su educaci\u00f3n musical a los 7 a\u00f1os en Madrid. Su formaci\u00f3n como pianista incluye el Conservatorio Adolfo Salazar de Madrid, el Conservatorio Superior de M\u00fasica de Salamanca, la Hochschule f\u00fcr Musik de W\u00fcrzburg y el Centro Superior Katarina Gurska. Como int\u00e9rprete ha actuado&hellip; <br \/> <a class=\"read-more\" href=\"https:\/\/unaikaram.com\/en\/bio\/\">Read more<\/a><\/p>","protected":false},"author":1,"featured_media":0,"parent":0,"menu_order":0,"comment_status":"closed","ping_status":"closed","template":"","meta":{"_monsterinsights_skip_tracking":false,"_monsterinsights_sitenote_active":false,"_monsterinsights_sitenote_note":"","_monsterinsights_sitenote_category":0,"footnotes":""},"class_list":["post-147","page","type-page","status-publish","hentry"],"yoast_head":"<!-- This site is optimized with the Yoast SEO plugin v24.3 - https:\/\/yoast.com\/wordpress\/plugins\/seo\/ -->\n<title>Biograf\u00eda -<\/title>\n<meta name=\"description\" content=\"Biograf\u00eda de Unai Karam\" \/>\n<meta name=\"robots\" content=\"index, follow, max-snippet:-1, max-image-preview:large, max-video-preview:-1\" \/>\n<link rel=\"canonical\" href=\"https:\/\/unaikaram.com\/en\/bio\/\" \/>\n<meta property=\"og:locale\" content=\"en_US\" \/>\n<meta property=\"og:type\" content=\"article\" \/>\n<meta property=\"og:title\" content=\"Biograf\u00eda -\" \/>\n<meta property=\"og:description\" content=\"Biograf\u00eda de Unai Karam\" \/>\n<meta property=\"og:url\" content=\"https:\/\/unaikaram.com\/en\/bio\/\" \/>\n<meta property=\"article:modified_time\" content=\"2026-03-02T20:26:44+00:00\" \/>\n<meta property=\"og:image\" content=\"https:\/\/unaikaram.com\/wp-content\/uploads\/elementor\/thumbs\/promo1.JPG-2-pmbz9iesbeh7p0x5bie287029ft59umnljob8ch5sw.jpg\" \/>\n<meta name=\"twitter:card\" content=\"summary_large_image\" \/>\n<meta name=\"twitter:label1\" content=\"Est. reading time\" \/>\n\t<meta name=\"twitter:data1\" content=\"4 minutes\" \/>\n<script type=\"application\/ld+json\" class=\"yoast-schema-graph\">{\"@context\":\"https:\/\/schema.org\",\"@graph\":[{\"@type\":\"WebPage\",\"@id\":\"https:\/\/unaikaram.com\/bio\/\",\"url\":\"https:\/\/unaikaram.com\/bio\/\",\"name\":\"Biograf\u00eda -\",\"isPartOf\":{\"@id\":\"https:\/\/unaikaram.com\/#website\"},\"primaryImageOfPage\":{\"@id\":\"https:\/\/unaikaram.com\/bio\/#primaryimage\"},\"image\":{\"@id\":\"https:\/\/unaikaram.com\/bio\/#primaryimage\"},\"thumbnailUrl\":\"https:\/\/unaikaram.com\/wp-content\/uploads\/elementor\/thumbs\/promo1.JPG-2-pmbz9iesbeh7p0x5bie287029ft59umnljob8ch5sw.jpg\",\"datePublished\":\"2017-12-02T15:59:21+00:00\",\"dateModified\":\"2026-03-02T20:26:44+00:00\",\"description\":\"Biograf\u00eda de Unai Karam\",\"breadcrumb\":{\"@id\":\"https:\/\/unaikaram.com\/bio\/#breadcrumb\"},\"inLanguage\":\"en-US\",\"potentialAction\":[{\"@type\":\"ReadAction\",\"target\":[\"https:\/\/unaikaram.com\/bio\/\"]}]},{\"@type\":\"ImageObject\",\"inLanguage\":\"en-US\",\"@id\":\"https:\/\/unaikaram.com\/bio\/#primaryimage\",\"url\":\"https:\/\/unaikaram.com\/wp-content\/uploads\/elementor\/thumbs\/promo1.JPG-2-pmbz9iesbeh7p0x5bie287029ft59umnljob8ch5sw.jpg\",\"contentUrl\":\"https:\/\/unaikaram.com\/wp-content\/uploads\/elementor\/thumbs\/promo1.JPG-2-pmbz9iesbeh7p0x5bie287029ft59umnljob8ch5sw.jpg\"},{\"@type\":\"BreadcrumbList\",\"@id\":\"https:\/\/unaikaram.com\/bio\/#breadcrumb\",\"itemListElement\":[{\"@type\":\"ListItem\",\"position\":1,\"name\":\"Portada\",\"item\":\"https:\/\/unaikaram.com\/\"},{\"@type\":\"ListItem\",\"position\":2,\"name\":\"Biograf\u00eda\"}]},{\"@type\":\"WebSite\",\"@id\":\"https:\/\/unaikaram.com\/#website\",\"url\":\"https:\/\/unaikaram.com\/\",\"name\":\"\",\"description\":\"\",\"potentialAction\":[{\"@type\":\"SearchAction\",\"target\":{\"@type\":\"EntryPoint\",\"urlTemplate\":\"https:\/\/unaikaram.com\/?s={search_term_string}\"},\"query-input\":{\"@type\":\"PropertyValueSpecification\",\"valueRequired\":true,\"valueName\":\"search_term_string\"}}],\"inLanguage\":\"en-US\"}]}<\/script>\n<!-- \/ Yoast SEO plugin. -->","yoast_head_json":{"title":"Biograf\u00eda -","description":"Biograf\u00eda de Unai Karam","robots":{"index":"index","follow":"follow","max-snippet":"max-snippet:-1","max-image-preview":"max-image-preview:large","max-video-preview":"max-video-preview:-1"},"canonical":"https:\/\/unaikaram.com\/en\/bio\/","og_locale":"en_US","og_type":"article","og_title":"Biograf\u00eda -","og_description":"Biograf\u00eda de Unai Karam","og_url":"https:\/\/unaikaram.com\/en\/bio\/","article_modified_time":"2026-03-02T20:26:44+00:00","og_image":[{"url":"https:\/\/unaikaram.com\/wp-content\/uploads\/elementor\/thumbs\/promo1.JPG-2-pmbz9iesbeh7p0x5bie287029ft59umnljob8ch5sw.jpg","type":"","width":"","height":""}],"twitter_card":"summary_large_image","twitter_misc":{"Est. reading time":"4 minutes"},"schema":{"@context":"https:\/\/schema.org","@graph":[{"@type":"WebPage","@id":"https:\/\/unaikaram.com\/bio\/","url":"https:\/\/unaikaram.com\/bio\/","name":"Biograf\u00eda -","isPartOf":{"@id":"https:\/\/unaikaram.com\/#website"},"primaryImageOfPage":{"@id":"https:\/\/unaikaram.com\/bio\/#primaryimage"},"image":{"@id":"https:\/\/unaikaram.com\/bio\/#primaryimage"},"thumbnailUrl":"https:\/\/unaikaram.com\/wp-content\/uploads\/elementor\/thumbs\/promo1.JPG-2-pmbz9iesbeh7p0x5bie287029ft59umnljob8ch5sw.jpg","datePublished":"2017-12-02T15:59:21+00:00","dateModified":"2026-03-02T20:26:44+00:00","description":"Biograf\u00eda de Unai Karam","breadcrumb":{"@id":"https:\/\/unaikaram.com\/bio\/#breadcrumb"},"inLanguage":"en-US","potentialAction":[{"@type":"ReadAction","target":["https:\/\/unaikaram.com\/bio\/"]}]},{"@type":"ImageObject","inLanguage":"en-US","@id":"https:\/\/unaikaram.com\/bio\/#primaryimage","url":"https:\/\/unaikaram.com\/wp-content\/uploads\/elementor\/thumbs\/promo1.JPG-2-pmbz9iesbeh7p0x5bie287029ft59umnljob8ch5sw.jpg","contentUrl":"https:\/\/unaikaram.com\/wp-content\/uploads\/elementor\/thumbs\/promo1.JPG-2-pmbz9iesbeh7p0x5bie287029ft59umnljob8ch5sw.jpg"},{"@type":"BreadcrumbList","@id":"https:\/\/unaikaram.com\/bio\/#breadcrumb","itemListElement":[{"@type":"ListItem","position":1,"name":"Portada","item":"https:\/\/unaikaram.com\/"},{"@type":"ListItem","position":2,"name":"Biograf\u00eda"}]},{"@type":"WebSite","@id":"https:\/\/unaikaram.com\/#website","url":"https:\/\/unaikaram.com\/","name":"","description":"","potentialAction":[{"@type":"SearchAction","target":{"@type":"EntryPoint","urlTemplate":"https:\/\/unaikaram.com\/?s={search_term_string}"},"query-input":{"@type":"PropertyValueSpecification","valueRequired":true,"valueName":"search_term_string"}}],"inLanguage":"en-US"}]}},"_links":{"self":[{"href":"https:\/\/unaikaram.com\/en\/wp-json\/wp\/v2\/pages\/147","targetHints":{"allow":["GET"]}}],"collection":[{"href":"https:\/\/unaikaram.com\/en\/wp-json\/wp\/v2\/pages"}],"about":[{"href":"https:\/\/unaikaram.com\/en\/wp-json\/wp\/v2\/types\/page"}],"author":[{"embeddable":true,"href":"https:\/\/unaikaram.com\/en\/wp-json\/wp\/v2\/users\/1"}],"replies":[{"embeddable":true,"href":"https:\/\/unaikaram.com\/en\/wp-json\/wp\/v2\/comments?post=147"}],"version-history":[{"count":198,"href":"https:\/\/unaikaram.com\/en\/wp-json\/wp\/v2\/pages\/147\/revisions"}],"predecessor-version":[{"id":1679,"href":"https:\/\/unaikaram.com\/en\/wp-json\/wp\/v2\/pages\/147\/revisions\/1679"}],"wp:attachment":[{"href":"https:\/\/unaikaram.com\/en\/wp-json\/wp\/v2\/media?parent=147"}],"curies":[{"name":"wp","href":"https:\/\/api.w.org\/{rel}","templated":true}]}}