{"id":145,"date":"2017-12-02T15:59:01","date_gmt":"2017-12-02T15:59:01","guid":{"rendered":"http:\/\/unaikaram.com\/?page_id=145"},"modified":"2026-03-02T20:29:32","modified_gmt":"2026-03-02T20:29:32","slug":"musica","status":"publish","type":"page","link":"https:\/\/unaikaram.com\/en\/musica\/","title":{"rendered":"Music"},"content":{"rendered":"<div data-elementor-type=\"wp-page\" data-elementor-id=\"145\" class=\"elementor elementor-145\">\n\t\t\t\t\t\t\t\t\t<section class=\"elementor-section elementor-top-section elementor-element elementor-element-38b1d36 elementor-section-boxed elementor-section-height-default elementor-section-height-default\" data-id=\"38b1d36\" data-element_type=\"section\">\n\t\t\t\t\t\t<div class=\"elementor-container elementor-column-gap-default\">\n\t\t\t\t\t<div class=\"elementor-column elementor-col-100 elementor-top-column elementor-element elementor-element-92d1cff\" data-id=\"92d1cff\" data-element_type=\"column\">\n\t\t\t<div class=\"elementor-widget-wrap elementor-element-populated\">\n\t\t\t\t\t\t\t\t<div class=\"elementor-element elementor-element-d642635 elementor-widget elementor-widget-image\" data-id=\"d642635\" data-element_type=\"widget\" data-widget_type=\"image.default\">\n\t\t\t\t<div class=\"elementor-widget-container\">\n\t\t\t\t\t\t\t\t\t\t\t\t\t\t\t\t<a href=\"https:\/\/open.spotify.com\/album\/6k1oCDE6LgiXqap04eCUmj?si=NYaw0hAnSE66uXzZgmBtNA\">\n\t\t\t\t\t\t\t<img loading=\"lazy\" decoding=\"async\" width=\"768\" height=\"768\" src=\"https:\/\/unaikaram.com\/wp-content\/uploads\/2023\/02\/AIMT-UnaiKaram-768x768.webp\" class=\"elementor-animation-shrink attachment-medium_large size-medium_large wp-image-1518\" alt=\"\" srcset=\"https:\/\/unaikaram.com\/wp-content\/uploads\/2023\/02\/AIMT-UnaiKaram-768x768.webp 768w, https:\/\/unaikaram.com\/wp-content\/uploads\/2023\/02\/AIMT-UnaiKaram-300x300.webp 300w, https:\/\/unaikaram.com\/wp-content\/uploads\/2023\/02\/AIMT-UnaiKaram-150x150.webp 150w, https:\/\/unaikaram.com\/wp-content\/uploads\/2023\/02\/AIMT-UnaiKaram-12x12.webp 12w, https:\/\/unaikaram.com\/wp-content\/uploads\/2023\/02\/AIMT-UnaiKaram.webp 1024w\" sizes=\"auto, (max-width: 768px) 100vw, 768px\" \/>\t\t\t\t\t\t\t\t<\/a>\n\t\t\t\t\t\t\t\t\t\t\t\t\t\t\t<\/div>\n\t\t\t\t<\/div>\n\t\t\t\t<div class=\"elementor-element elementor-element-7b937e7 elementor-widget elementor-widget-spacer\" data-id=\"7b937e7\" data-element_type=\"widget\" data-widget_type=\"spacer.default\">\n\t\t\t\t<div class=\"elementor-widget-container\">\n\t\t\t\t\t<div class=\"elementor-spacer\">\n\t\t\t<div class=\"elementor-spacer-inner\"><\/div>\n\t\t<\/div>\n\t\t\t\t<\/div>\n\t\t\t\t<\/div>\n\t\t\t\t\t<\/div>\n\t\t<\/div>\n\t\t\t\t\t\t\t<\/div>\n\t\t<\/section>\n\t\t\t\t<section class=\"elementor-section elementor-top-section elementor-element elementor-element-d30749d elementor-section-boxed elementor-section-height-default elementor-section-height-default\" data-id=\"d30749d\" data-element_type=\"section\">\n\t\t\t\t\t\t<div class=\"elementor-container elementor-column-gap-default\">\n\t\t\t\t\t<div class=\"elementor-column elementor-col-100 elementor-top-column elementor-element elementor-element-2ce2952\" data-id=\"2ce2952\" data-element_type=\"column\">\n\t\t\t<div class=\"elementor-widget-wrap elementor-element-populated\">\n\t\t\t\t\t\t\t\t<div class=\"elementor-element elementor-element-5a9f5d3 elementor-widget elementor-widget-text-editor\" data-id=\"5a9f5d3\" data-element_type=\"widget\" data-widget_type=\"text-editor.default\">\n\t\t\t\t<div class=\"elementor-widget-container\">\n\t\t\t\t\t\t\t<p style=\"text-align: center;\"><span style=\"color: #999999;\"><em><a href=\"https:\/\/open.spotify.com\/album\/6k1oCDE6LgiXqap04eCUmj?si=NYaw0hAnSE66uXzZgmBtNA\">art in modern times<\/a><\/em> is the first studio album by Unai Karam. A<\/span><br \/><span style=\"color: #999999;\">conceptual work that is composed of 10 tracks and is shaped as<\/span><br \/><span style=\"color: #999999;\">an evolutionary journey that pays homage to the classical arts in the<\/span><br \/><span style=\"color: #999999;\">western society of the 21st century.<\/span><\/p><p style=\"text-align: center;\"><span style=\"color: #999999;\">Fusi\u00f3n y evoluci\u00f3n definen el esp\u00edritu de <em>art in modern times<\/em>.<\/span><\/p><p style=\"text-align: center;\"><span style=\"color: #999999;\">Thus, we can find Baroque or Classicism structures<\/span><br \/><span style=\"color: #999999;\">being mixed with textures of Impressionism or with sonorities<\/span><br \/><span style=\"color: #999999;\">handcrafted and\ndesigned for this work that shows<\/span><br \/><span style=\"color: #999999;\">a global vision in which the most deeply-rooted tradition<\/span><br \/><span style=\"color: #999999;\">influencias musicales contempor\u00e1neas. Adem\u00e1s, <em>art in modern times<\/em><\/span><br \/><span style=\"color: #999999;\">art in modern times\nis shaped as a journey of great timbral diversity<\/span><br \/><span style=\"color: #999999;\">thanks to the use of different types of piano, synthesizers and a variety of<\/span><br \/><span style=\"color: #999999;\">keyboard instruments.<\/span><\/p><p style=\"text-align: center;\"><span style=\"color: #999999;\">All of these ingredients offer a futuristic musical vision in which<\/span><br \/><span style=\"color: #999999;\">the music itself takes place in an industrialized and<\/span><br \/><span style=\"color: #999999;\">monotonous society full of patterns that define our<\/span><br \/><span style=\"color: #999999;\">our tastes and are represented in a framework of harmonic, rhythmic and melodic sequences,<\/span><br \/><span style=\"color: #999999;\">created from the vision of the instrument as a<\/span><br \/><span style=\"color: #999999;\">maschine.<\/span><\/p>\t\t\t\t\t\t<\/div>\n\t\t\t\t<\/div>\n\t\t\t\t\t<\/div>\n\t\t<\/div>\n\t\t\t\t\t\t\t<\/div>\n\t\t<\/section>\n\t\t\t\t<section class=\"elementor-section elementor-top-section elementor-element elementor-element-252ef10 elementor-section-boxed elementor-section-height-default elementor-section-height-default\" data-id=\"252ef10\" data-element_type=\"section\">\n\t\t\t\t\t\t<div class=\"elementor-container elementor-column-gap-default\">\n\t\t\t\t\t<div class=\"elementor-column elementor-col-100 elementor-top-column elementor-element elementor-element-d14e1e2\" data-id=\"d14e1e2\" data-element_type=\"column\">\n\t\t\t<div class=\"elementor-widget-wrap elementor-element-populated\">\n\t\t\t\t\t\t\t\t<div class=\"elementor-element elementor-element-897a42e elementor-widget elementor-widget-spacer\" data-id=\"897a42e\" data-element_type=\"widget\" data-widget_type=\"spacer.default\">\n\t\t\t\t<div class=\"elementor-widget-container\">\n\t\t\t\t\t<div class=\"elementor-spacer\">\n\t\t\t<div class=\"elementor-spacer-inner\"><\/div>\n\t\t<\/div>\n\t\t\t\t<\/div>\n\t\t\t\t<\/div>\n\t\t\t\t\t<\/div>\n\t\t<\/div>\n\t\t\t\t\t\t\t<\/div>\n\t\t<\/section>\n\t\t\t\t<section class=\"elementor-section elementor-top-section elementor-element elementor-element-6a2c2d6 elementor-section-boxed elementor-section-height-default elementor-section-height-default\" data-id=\"6a2c2d6\" data-element_type=\"section\">\n\t\t\t\t\t\t<div class=\"elementor-container elementor-column-gap-default\">\n\t\t\t\t\t<div class=\"elementor-column elementor-col-100 elementor-top-column elementor-element elementor-element-8caa105\" data-id=\"8caa105\" data-element_type=\"column\">\n\t\t\t<div class=\"elementor-widget-wrap elementor-element-populated\">\n\t\t\t\t\t\t\t\t<div class=\"elementor-element elementor-element-fd9a362 elementor-widget elementor-widget-html\" data-id=\"fd9a362\" data-element_type=\"widget\" data-widget_type=\"html.default\">\n\t\t\t\t<div class=\"elementor-widget-container\">\n\t\t\t<iframe style=\"border-radius:12px\" src=\"https:\/\/open.spotify.com\/embed\/album\/6k1oCDE6LgiXqap04eCUmj?utm_source=generator\" width=\"100%\" height=\"352\" frameborder=\"0\" allowfullscreen=\"\" allow=\"autoplay; clipboard-write; encrypted-media; fullscreen; picture-in-picture\" loading=\"lazy\"><\/iframe>\t\t<\/div>\n\t\t\t\t<\/div>\n\t\t\t\t\t<\/div>\n\t\t<\/div>\n\t\t\t\t\t\t\t<\/div>\n\t\t<\/section>\n\t\t\t\t<section class=\"elementor-section elementor-top-section elementor-element elementor-element-7a50cf2 elementor-section-boxed elementor-section-height-default elementor-section-height-default\" data-id=\"7a50cf2\" data-element_type=\"section\">\n\t\t\t\t\t\t<div class=\"elementor-container elementor-column-gap-default\">\n\t\t\t\t\t<div class=\"elementor-column elementor-col-100 elementor-top-column elementor-element elementor-element-1619912\" data-id=\"1619912\" data-element_type=\"column\">\n\t\t\t<div class=\"elementor-widget-wrap elementor-element-populated\">\n\t\t\t\t\t\t\t\t<div class=\"elementor-element elementor-element-d3d5f74 elementor-widget elementor-widget-spacer\" data-id=\"d3d5f74\" data-element_type=\"widget\" data-widget_type=\"spacer.default\">\n\t\t\t\t<div class=\"elementor-widget-container\">\n\t\t\t\t\t<div class=\"elementor-spacer\">\n\t\t\t<div class=\"elementor-spacer-inner\"><\/div>\n\t\t<\/div>\n\t\t\t\t<\/div>\n\t\t\t\t<\/div>\n\t\t\t\t\t<\/div>\n\t\t<\/div>\n\t\t\t\t\t\t\t<\/div>\n\t\t<\/section>\n\t\t\t\t<section class=\"elementor-section elementor-top-section elementor-element elementor-element-a6176eb elementor-section-boxed elementor-section-height-default elementor-section-height-default\" data-id=\"a6176eb\" data-element_type=\"section\">\n\t\t\t\t\t\t<div class=\"elementor-container elementor-column-gap-default\">\n\t\t\t\t\t<div class=\"elementor-column elementor-col-100 elementor-top-column elementor-element elementor-element-b527372\" data-id=\"b527372\" data-element_type=\"column\">\n\t\t\t<div class=\"elementor-widget-wrap elementor-element-populated\">\n\t\t\t\t\t\t\t\t<div class=\"elementor-element elementor-element-ed89a3d elementor-widget elementor-widget-text-editor\" data-id=\"ed89a3d\" data-element_type=\"widget\" data-widget_type=\"text-editor.default\">\n\t\t\t\t<div class=\"elementor-widget-container\">\n\t\t\t\t\t\t\t<p style=\"text-align: center;\"><a href=\"http:\/\/unaikaram.com\/en\/politicas-de-privacidad\/\">Privacy Policy<\/a><\/p><p style=\"text-align: center;\"><a href=\"http:\/\/unaikaram.com\/en\/aviso-legal\/\">Legal Disclaimer<\/a><\/p>\t\t\t\t\t\t<\/div>\n\t\t\t\t<\/div>\n\t\t\t\t\t<\/div>\n\t\t<\/div>\n\t\t\t\t\t\t\t<\/div>\n\t\t<\/section>\n\t\t\t\t<section class=\"elementor-section elementor-top-section elementor-element elementor-element-3603e91 elementor-section-boxed elementor-section-height-default elementor-section-height-default\" data-id=\"3603e91\" data-element_type=\"section\">\n\t\t\t\t\t\t<div class=\"elementor-container elementor-column-gap-default\">\n\t\t\t\t\t<div class=\"elementor-column elementor-col-100 elementor-top-column elementor-element elementor-element-b5e044f\" data-id=\"b5e044f\" data-element_type=\"column\">\n\t\t\t<div class=\"elementor-widget-wrap elementor-element-populated\">\n\t\t\t\t\t\t\t\t<div class=\"elementor-element elementor-element-2a181bb elementor-widget elementor-widget-spacer\" data-id=\"2a181bb\" data-element_type=\"widget\" data-widget_type=\"spacer.default\">\n\t\t\t\t<div class=\"elementor-widget-container\">\n\t\t\t\t\t<div class=\"elementor-spacer\">\n\t\t\t<div class=\"elementor-spacer-inner\"><\/div>\n\t\t<\/div>\n\t\t\t\t<\/div>\n\t\t\t\t<\/div>\n\t\t\t\t\t<\/div>\n\t\t<\/div>\n\t\t\t\t\t\t\t<\/div>\n\t\t<\/section>\n\t\t\t\t<section class=\"elementor-section elementor-top-section elementor-element elementor-element-ef60005 elementor-section-stretched elementor-section-boxed elementor-section-height-default elementor-section-height-default\" data-id=\"ef60005\" data-element_type=\"section\" data-settings=\"{&quot;stretch_section&quot;:&quot;section-stretched&quot;}\">\n\t\t\t\t\t\t<div class=\"elementor-container elementor-column-gap-default\">\n\t\t\t\t\t<div class=\"elementor-column elementor-col-20 elementor-top-column elementor-element elementor-element-37aa9f9\" data-id=\"37aa9f9\" data-element_type=\"column\">\n\t\t\t<div class=\"elementor-widget-wrap elementor-element-populated\">\n\t\t\t\t\t\t\t\t<div class=\"elementor-element elementor-element-7faeee7 elementor-align-center elementor-mobile-align-justify elementor-widget elementor-widget-button\" data-id=\"7faeee7\" data-element_type=\"widget\" data-widget_type=\"button.default\">\n\t\t\t\t<div class=\"elementor-widget-container\">\n\t\t\t\t\t<div class=\"elementor-button-wrapper\">\n\t\t\t<a class=\"elementor-button elementor-button-link elementor-size-sm\" href=\"https:\/\/open.spotify.com\/artist\/0R3uFW1eRvCDmQgB0mgvnB?si=Kxy2_PMKSBOd7noUw0PxSg\" target=\"_blank\">\n\t\t\t\t\t\t<span class=\"elementor-button-content-wrapper\">\n\t\t\t\t\t\t<span class=\"elementor-button-icon elementor-align-icon-left\">\n\t\t\t\t<i aria-hidden=\"true\" class=\"fab fa-spotify\"><\/i>\t\t\t<\/span>\n\t\t\t\t\t\t<span class=\"elementor-button-text\"><\/span>\n\t\t<\/span>\n\t\t\t\t\t<\/a>\n\t\t<\/div>\n\t\t\t\t<\/div>\n\t\t\t\t<\/div>\n\t\t\t\t\t<\/div>\n\t\t<\/div>\n\t\t\t\t<div class=\"elementor-column elementor-col-20 elementor-top-column elementor-element elementor-element-98ea3ff\" data-id=\"98ea3ff\" data-element_type=\"column\">\n\t\t\t<div class=\"elementor-widget-wrap elementor-element-populated\">\n\t\t\t\t\t\t\t\t<div class=\"elementor-element elementor-element-74a7191 elementor-align-center elementor-mobile-align-justify elementor-widget elementor-widget-button\" data-id=\"74a7191\" data-element_type=\"widget\" data-widget_type=\"button.default\">\n\t\t\t\t<div class=\"elementor-widget-container\">\n\t\t\t\t\t<div class=\"elementor-button-wrapper\">\n\t\t\t<a class=\"elementor-button elementor-button-link elementor-size-sm\" href=\"https:\/\/music.apple.com\/es\/artist\/unai-karam\/1166212548\" target=\"_blank\">\n\t\t\t\t\t\t<span class=\"elementor-button-content-wrapper\">\n\t\t\t\t\t\t<span class=\"elementor-button-icon elementor-align-icon-left\">\n\t\t\t\t<i aria-hidden=\"true\" class=\"fab fa-apple\"><\/i>\t\t\t<\/span>\n\t\t\t\t\t\t<span class=\"elementor-button-text\"><\/span>\n\t\t<\/span>\n\t\t\t\t\t<\/a>\n\t\t<\/div>\n\t\t\t\t<\/div>\n\t\t\t\t<\/div>\n\t\t\t\t\t<\/div>\n\t\t<\/div>\n\t\t\t\t<div class=\"elementor-column elementor-col-20 elementor-top-column elementor-element elementor-element-d4e08d1\" data-id=\"d4e08d1\" data-element_type=\"column\">\n\t\t\t<div class=\"elementor-widget-wrap elementor-element-populated\">\n\t\t\t\t\t\t\t\t<div class=\"elementor-element elementor-element-84f3544 elementor-align-center elementor-mobile-align-justify elementor-widget elementor-widget-button\" data-id=\"84f3544\" data-element_type=\"widget\" data-widget_type=\"button.default\">\n\t\t\t\t<div class=\"elementor-widget-container\">\n\t\t\t\t\t<div class=\"elementor-button-wrapper\">\n\t\t\t<a class=\"elementor-button elementor-button-link elementor-size-sm\" href=\"https:\/\/www.instagram.com\/unai.karam\" target=\"_blank\">\n\t\t\t\t\t\t<span class=\"elementor-button-content-wrapper\">\n\t\t\t\t\t\t<span class=\"elementor-button-icon elementor-align-icon-left\">\n\t\t\t\t<i aria-hidden=\"true\" class=\"fab fa-instagram\"><\/i>\t\t\t<\/span>\n\t\t\t\t\t\t<span class=\"elementor-button-text\"><\/span>\n\t\t<\/span>\n\t\t\t\t\t<\/a>\n\t\t<\/div>\n\t\t\t\t<\/div>\n\t\t\t\t<\/div>\n\t\t\t\t\t<\/div>\n\t\t<\/div>\n\t\t\t\t<div class=\"elementor-column elementor-col-20 elementor-top-column elementor-element elementor-element-dc5a38c\" data-id=\"dc5a38c\" data-element_type=\"column\">\n\t\t\t<div class=\"elementor-widget-wrap elementor-element-populated\">\n\t\t\t\t\t\t\t\t<div class=\"elementor-element elementor-element-44c3836 elementor-align-center elementor-mobile-align-justify elementor-widget elementor-widget-button\" data-id=\"44c3836\" data-element_type=\"widget\" data-widget_type=\"button.default\">\n\t\t\t\t<div class=\"elementor-widget-container\">\n\t\t\t\t\t<div class=\"elementor-button-wrapper\">\n\t\t\t<a class=\"elementor-button elementor-button-link elementor-size-sm\" href=\"https:\/\/www.facebook.com\/unaikarampiano\/\" target=\"_blank\">\n\t\t\t\t\t\t<span class=\"elementor-button-content-wrapper\">\n\t\t\t\t\t\t<span class=\"elementor-button-icon elementor-align-icon-left\">\n\t\t\t\t<i aria-hidden=\"true\" class=\"fab fa-facebook\"><\/i>\t\t\t<\/span>\n\t\t\t\t\t\t<span class=\"elementor-button-text\"><\/span>\n\t\t<\/span>\n\t\t\t\t\t<\/a>\n\t\t<\/div>\n\t\t\t\t<\/div>\n\t\t\t\t<\/div>\n\t\t\t\t\t<\/div>\n\t\t<\/div>\n\t\t\t\t<div class=\"elementor-column elementor-col-20 elementor-top-column elementor-element elementor-element-938555f\" data-id=\"938555f\" data-element_type=\"column\">\n\t\t\t<div class=\"elementor-widget-wrap elementor-element-populated\">\n\t\t\t\t\t\t\t\t<div class=\"elementor-element elementor-element-2d54b28 elementor-align-center elementor-mobile-align-justify elementor-widget elementor-widget-button\" data-id=\"2d54b28\" data-element_type=\"widget\" data-widget_type=\"button.default\">\n\t\t\t\t<div class=\"elementor-widget-container\">\n\t\t\t\t\t<div class=\"elementor-button-wrapper\">\n\t\t\t<a class=\"elementor-button elementor-button-link elementor-size-sm\" href=\"https:\/\/www.youtube.com\/channel\/UCs9cxlQjidpHb9q-J0MMBkA\" target=\"_blank\">\n\t\t\t\t\t\t<span class=\"elementor-button-content-wrapper\">\n\t\t\t\t\t\t<span class=\"elementor-button-icon elementor-align-icon-left\">\n\t\t\t\t<i aria-hidden=\"true\" class=\"fab fa-youtube\"><\/i>\t\t\t<\/span>\n\t\t\t\t\t\t<span class=\"elementor-button-text\"><\/span>\n\t\t<\/span>\n\t\t\t\t\t<\/a>\n\t\t<\/div>\n\t\t\t\t<\/div>\n\t\t\t\t<\/div>\n\t\t\t\t\t<\/div>\n\t\t<\/div>\n\t\t\t\t\t\t\t<\/div>\n\t\t<\/section>\n\t\t\t\t\t\t\t<\/div>","protected":false},"excerpt":{"rendered":"<p>art in modern times es el primer \u00e1lbum de estudio de Unai Karam. Untrabajo conceptual que se compone de 10 pistas y se conforma comoun viaje evolutivo que rinde homeaje a las artes cl\u00e1sicas en lasociedad occidental del siglo XXI. Fusi\u00f3n y evoluci\u00f3n definen el esp\u00edritu de art in modern times. As\u00ed, podemos encontrar estructuras&hellip; <br \/> <a class=\"read-more\" href=\"https:\/\/unaikaram.com\/en\/musica\/\">Read more<\/a><\/p>","protected":false},"author":1,"featured_media":0,"parent":0,"menu_order":0,"comment_status":"closed","ping_status":"closed","template":"","meta":{"_monsterinsights_skip_tracking":false,"_monsterinsights_sitenote_active":false,"_monsterinsights_sitenote_note":"","_monsterinsights_sitenote_category":0,"footnotes":""},"class_list":["post-145","page","type-page","status-publish","hentry"],"yoast_head":"<!-- This site is optimized with the Yoast SEO plugin v24.3 - https:\/\/yoast.com\/wordpress\/plugins\/seo\/ -->\n<title>M\u00fasica -<\/title>\n<meta name=\"description\" content=\"M\u00fasica de Unai Karam\" \/>\n<meta name=\"robots\" content=\"index, follow, max-snippet:-1, max-image-preview:large, max-video-preview:-1\" \/>\n<link rel=\"canonical\" href=\"https:\/\/unaikaram.com\/en\/musica\/\" \/>\n<meta property=\"og:locale\" content=\"en_US\" \/>\n<meta property=\"og:type\" content=\"article\" \/>\n<meta property=\"og:title\" content=\"M\u00fasica -\" \/>\n<meta property=\"og:description\" content=\"M\u00fasica de Unai Karam\" \/>\n<meta property=\"og:url\" content=\"https:\/\/unaikaram.com\/en\/musica\/\" \/>\n<meta property=\"article:modified_time\" content=\"2026-03-02T20:29:32+00:00\" \/>\n<meta property=\"og:image\" content=\"https:\/\/unaikaram.com\/wp-content\/uploads\/2023\/02\/AIMT-UnaiKaram.webp\" \/>\n\t<meta property=\"og:image:width\" content=\"1024\" \/>\n\t<meta property=\"og:image:height\" content=\"1024\" \/>\n\t<meta property=\"og:image:type\" content=\"image\/webp\" \/>\n<meta name=\"twitter:card\" content=\"summary_large_image\" \/>\n<meta name=\"twitter:label1\" content=\"Est. reading time\" \/>\n\t<meta name=\"twitter:data1\" content=\"2 minutes\" \/>\n<script type=\"application\/ld+json\" class=\"yoast-schema-graph\">{\"@context\":\"https:\/\/schema.org\",\"@graph\":[{\"@type\":\"WebPage\",\"@id\":\"https:\/\/unaikaram.com\/musica\/\",\"url\":\"https:\/\/unaikaram.com\/musica\/\",\"name\":\"M\u00fasica -\",\"isPartOf\":{\"@id\":\"https:\/\/unaikaram.com\/#website\"},\"primaryImageOfPage\":{\"@id\":\"https:\/\/unaikaram.com\/musica\/#primaryimage\"},\"image\":{\"@id\":\"https:\/\/unaikaram.com\/musica\/#primaryimage\"},\"thumbnailUrl\":\"https:\/\/unaikaram.com\/wp-content\/uploads\/2023\/02\/AIMT-UnaiKaram-768x768.webp\",\"datePublished\":\"2017-12-02T15:59:01+00:00\",\"dateModified\":\"2026-03-02T20:29:32+00:00\",\"description\":\"M\u00fasica de Unai Karam\",\"breadcrumb\":{\"@id\":\"https:\/\/unaikaram.com\/musica\/#breadcrumb\"},\"inLanguage\":\"en-US\",\"potentialAction\":[{\"@type\":\"ReadAction\",\"target\":[\"https:\/\/unaikaram.com\/musica\/\"]}]},{\"@type\":\"ImageObject\",\"inLanguage\":\"en-US\",\"@id\":\"https:\/\/unaikaram.com\/musica\/#primaryimage\",\"url\":\"https:\/\/unaikaram.com\/wp-content\/uploads\/2023\/02\/AIMT-UnaiKaram-768x768.webp\",\"contentUrl\":\"https:\/\/unaikaram.com\/wp-content\/uploads\/2023\/02\/AIMT-UnaiKaram-768x768.webp\"},{\"@type\":\"BreadcrumbList\",\"@id\":\"https:\/\/unaikaram.com\/musica\/#breadcrumb\",\"itemListElement\":[{\"@type\":\"ListItem\",\"position\":1,\"name\":\"Portada\",\"item\":\"https:\/\/unaikaram.com\/\"},{\"@type\":\"ListItem\",\"position\":2,\"name\":\"M\u00fasica\"}]},{\"@type\":\"WebSite\",\"@id\":\"https:\/\/unaikaram.com\/#website\",\"url\":\"https:\/\/unaikaram.com\/\",\"name\":\"\",\"description\":\"\",\"potentialAction\":[{\"@type\":\"SearchAction\",\"target\":{\"@type\":\"EntryPoint\",\"urlTemplate\":\"https:\/\/unaikaram.com\/?s={search_term_string}\"},\"query-input\":{\"@type\":\"PropertyValueSpecification\",\"valueRequired\":true,\"valueName\":\"search_term_string\"}}],\"inLanguage\":\"en-US\"}]}<\/script>\n<!-- \/ Yoast SEO plugin. -->","yoast_head_json":{"title":"M\u00fasica -","description":"M\u00fasica de Unai Karam","robots":{"index":"index","follow":"follow","max-snippet":"max-snippet:-1","max-image-preview":"max-image-preview:large","max-video-preview":"max-video-preview:-1"},"canonical":"https:\/\/unaikaram.com\/en\/musica\/","og_locale":"en_US","og_type":"article","og_title":"M\u00fasica -","og_description":"M\u00fasica de Unai Karam","og_url":"https:\/\/unaikaram.com\/en\/musica\/","article_modified_time":"2026-03-02T20:29:32+00:00","og_image":[{"width":1024,"height":1024,"url":"https:\/\/unaikaram.com\/wp-content\/uploads\/2023\/02\/AIMT-UnaiKaram.webp","type":"image\/webp"}],"twitter_card":"summary_large_image","twitter_misc":{"Est. reading time":"2 minutes"},"schema":{"@context":"https:\/\/schema.org","@graph":[{"@type":"WebPage","@id":"https:\/\/unaikaram.com\/musica\/","url":"https:\/\/unaikaram.com\/musica\/","name":"M\u00fasica -","isPartOf":{"@id":"https:\/\/unaikaram.com\/#website"},"primaryImageOfPage":{"@id":"https:\/\/unaikaram.com\/musica\/#primaryimage"},"image":{"@id":"https:\/\/unaikaram.com\/musica\/#primaryimage"},"thumbnailUrl":"https:\/\/unaikaram.com\/wp-content\/uploads\/2023\/02\/AIMT-UnaiKaram-768x768.webp","datePublished":"2017-12-02T15:59:01+00:00","dateModified":"2026-03-02T20:29:32+00:00","description":"M\u00fasica de Unai Karam","breadcrumb":{"@id":"https:\/\/unaikaram.com\/musica\/#breadcrumb"},"inLanguage":"en-US","potentialAction":[{"@type":"ReadAction","target":["https:\/\/unaikaram.com\/musica\/"]}]},{"@type":"ImageObject","inLanguage":"en-US","@id":"https:\/\/unaikaram.com\/musica\/#primaryimage","url":"https:\/\/unaikaram.com\/wp-content\/uploads\/2023\/02\/AIMT-UnaiKaram-768x768.webp","contentUrl":"https:\/\/unaikaram.com\/wp-content\/uploads\/2023\/02\/AIMT-UnaiKaram-768x768.webp"},{"@type":"BreadcrumbList","@id":"https:\/\/unaikaram.com\/musica\/#breadcrumb","itemListElement":[{"@type":"ListItem","position":1,"name":"Portada","item":"https:\/\/unaikaram.com\/"},{"@type":"ListItem","position":2,"name":"M\u00fasica"}]},{"@type":"WebSite","@id":"https:\/\/unaikaram.com\/#website","url":"https:\/\/unaikaram.com\/","name":"","description":"","potentialAction":[{"@type":"SearchAction","target":{"@type":"EntryPoint","urlTemplate":"https:\/\/unaikaram.com\/?s={search_term_string}"},"query-input":{"@type":"PropertyValueSpecification","valueRequired":true,"valueName":"search_term_string"}}],"inLanguage":"en-US"}]}},"_links":{"self":[{"href":"https:\/\/unaikaram.com\/en\/wp-json\/wp\/v2\/pages\/145","targetHints":{"allow":["GET"]}}],"collection":[{"href":"https:\/\/unaikaram.com\/en\/wp-json\/wp\/v2\/pages"}],"about":[{"href":"https:\/\/unaikaram.com\/en\/wp-json\/wp\/v2\/types\/page"}],"author":[{"embeddable":true,"href":"https:\/\/unaikaram.com\/en\/wp-json\/wp\/v2\/users\/1"}],"replies":[{"embeddable":true,"href":"https:\/\/unaikaram.com\/en\/wp-json\/wp\/v2\/comments?post=145"}],"version-history":[{"count":249,"href":"https:\/\/unaikaram.com\/en\/wp-json\/wp\/v2\/pages\/145\/revisions"}],"predecessor-version":[{"id":1685,"href":"https:\/\/unaikaram.com\/en\/wp-json\/wp\/v2\/pages\/145\/revisions\/1685"}],"wp:attachment":[{"href":"https:\/\/unaikaram.com\/en\/wp-json\/wp\/v2\/media?parent=145"}],"curies":[{"name":"wp","href":"https:\/\/api.w.org\/{rel}","templated":true}]}}